{"id":18,"date":"2023-06-25T23:00:23","date_gmt":"2023-06-25T23:00:23","guid":{"rendered":"http:\/\/deaikai.com\/?page_id=18"},"modified":"2023-09-02T16:56:07","modified_gmt":"2023-09-02T16:56:07","slug":"fotos","status":"publish","type":"page","link":"https:\/\/deaikai.com\/?page_id=18","title":{"rendered":"Fotos"},"content":{"rendered":"\n<figure class=\"wp-block-image size-full\"><img decoding=\"async\" width=\"900\" height=\"100\" src=\"https:\/\/deaikai.com\/wp-content\/uploads\/2023\/07\/barra_fotos.jpg\" alt=\"\" class=\"wp-image-371\" srcset=\"https:\/\/deaikai.com\/wp-content\/uploads\/2023\/07\/barra_fotos.jpg 900w, https:\/\/deaikai.com\/wp-content\/uploads\/2023\/07\/barra_fotos-300x33.jpg 300w, https:\/\/deaikai.com\/wp-content\/uploads\/2023\/07\/barra_fotos-768x85.jpg 768w\" sizes=\"(max-width: 900px) 100vw, 900px\" \/><\/figure>\n\n\n\n<p><\/p>\n\n\n\n<p><strong>Galeria de fotos no Flick<\/strong>r <a href=\"https:\/\/www.flickr.com\/photos\/deaikai\/albums\">(Ver fotos&#8230;)<\/a><\/p>\n\n\n\n<figure class=\"wp-block-image size-full\"><img decoding=\"async\" width=\"900\" height=\"1\" src=\"https:\/\/deaikai.com\/wp-content\/uploads\/2023\/07\/separador_2.jpg\" alt=\"\" class=\"wp-image-423\" srcset=\"https:\/\/deaikai.com\/wp-content\/uploads\/2023\/07\/separador_2.jpg 900w, https:\/\/deaikai.com\/wp-content\/uploads\/2023\/07\/separador_2-300x1.jpg 300w, https:\/\/deaikai.com\/wp-content\/uploads\/2023\/07\/separador_2-150x1.jpg 150w, https:\/\/deaikai.com\/wp-content\/uploads\/2023\/07\/separador_2-768x1.jpg 768w\" sizes=\"(max-width: 900px) 100vw, 900px\" \/><\/figure>\n\n\n\n<p><\/p>\n\n\n\n<div class=\"wp-block-columns is-layout-flex wp-container-core-columns-is-layout-2 wp-block-columns-is-layout-flex\">\n<div class=\"wp-block-column is-layout-flow wp-block-column-is-layout-flow\">\n<p>2023 &#8211; 2 se Setembro &#8211; Aula aberta em Santar\u00e9m (<a href=\"https:\/\/deaikai.com\/?page_id=528\">Ver fotos&#8230;<\/a>)<\/p>\n\n\n\n<p>2023 &#8211; 13 de Julho &#8211; Gradua\u00e7\u00e3o de dan no dojo da Ajuda (<a href=\"https:\/\/deaikai.com\/?page_id=465\">Ver fotos&#8230;<\/a>)<\/p>\n\n\n\n<p>2023 &#8211; 10 de Julho &#8211; Gradua\u00e7\u00f5es dan em Santar\u00e9m (<a href=\"https:\/\/deaikai.com\/?page_id=450\">Ver fotos&#8230;<\/a>)<\/p>\n\n\n\n<p>2023 &#8211; 17 de Junho &#8211; Est\u00e1gio em Set\u00fabal <a href=\"https:\/\/deaikai.com\/?page_id=88\">(Ver fotos&#8230;)<\/a><\/p>\n\n\n\n<p>2023 &#8211; 29 de Abril &#8211; Projecto \u00abDemola- Oldies but Goldies\u00bb no dojo da AMA &#8211; Santar\u00e9m <a href=\"https:\/\/deaikai.com\/?page_id=78\">(Ver fotos&#8230;)<\/a><\/p>\n\n\n\n<p>2023 &#8211; 8 de Mar\u00e7o &#8211; Passagens de gradua\u00e7\u00e3o dojo AMA &#8211; Santar\u00e9m <a href=\"https:\/\/deaikai.com\/?page_id=72\">(Ver fotos&#8230;)<\/a><\/p>\n\n\n\n<p>2023 &#8211; 11 de Fevereiro &#8211; Est\u00e1gio em Set\u00fabal <a href=\"https:\/\/deaikai.com\/?page_id=57\">(Ver fotos&#8230;)<\/a><\/p>\n\n\n\n<div class=\"wp-block-columns is-layout-flex wp-container-core-columns-is-layout-1 wp-block-columns-is-layout-flex\">\n<div class=\"wp-block-column is-layout-flow wp-block-column-is-layout-flow\">\n<figure class=\"wp-block-image size-full\"><img decoding=\"async\" width=\"900\" height=\"1\" src=\"https:\/\/deaikai.com\/wp-content\/uploads\/2023\/07\/separador_2.jpg\" alt=\"\" class=\"wp-image-423\" srcset=\"https:\/\/deaikai.com\/wp-content\/uploads\/2023\/07\/separador_2.jpg 900w, https:\/\/deaikai.com\/wp-content\/uploads\/2023\/07\/separador_2-300x1.jpg 300w, https:\/\/deaikai.com\/wp-content\/uploads\/2023\/07\/separador_2-150x1.jpg 150w, https:\/\/deaikai.com\/wp-content\/uploads\/2023\/07\/separador_2-768x1.jpg 768w\" sizes=\"(max-width: 900px) 100vw, 900px\" \/><\/figure>\n<\/div>\n<\/div>\n\n\n\n<p>2022 &#8211; 27 de Novembro &#8211; 1\u00aa Demonstra\u00e7\u00e3o Nacional de Aikido <a href=\"https:\/\/deaikai.com\/?page_id=391\">(Ver fotos&#8230;)<\/a><\/p>\n\n\n\n<p>2022 &#8211; 29 de Maio &#8211; Aula aberta no dojo da AMA &#8211; Santar\u00e9m <a href=\"https:\/\/deaikai.com\/?page_id=431\">(Ver fotos&#8230;)<\/a><\/p>\n<\/div>\n<\/div>\n\n\n\n<div class=\"wp-block-columns is-layout-flex wp-container-core-columns-is-layout-3 wp-block-columns-is-layout-flex\">\n<div class=\"wp-block-column is-layout-flow wp-block-column-is-layout-flow\"><\/div>\n<\/div>\n","protected":false},"excerpt":{"rendered":"<p>Galeria de fotos no Flickr (Ver fotos&#8230;) 2023 &#8211; 2 se Setembro &#8211; Aula aberta em Santar\u00e9m (Ver fotos&#8230;) 2023 &#8211; 13 de Julho &#8211; Gradua\u00e7\u00e3o de dan no dojo da Ajuda (Ver fotos&#8230;) 2023 &#8211; 10 de Julho &#8211; Gradua\u00e7\u00f5es dan em Santar\u00e9m (Ver fotos&#8230;) 2023 &#8211; 17 de Junho &#8211; Est\u00e1gio em Set\u00fabal &#8230; <a title=\"Fotos\" class=\"read-more\" href=\"https:\/\/deaikai.com\/?page_id=18\" aria-label=\"Mais sobre Fotos\">Ler mais<\/a><\/p>\n","protected":false},"author":1,"featured_media":0,"parent":0,"menu_order":0,"comment_status":"closed","ping_status":"closed","template":"","meta":{"footnotes":""},"class_list":["post-18","page","type-page","status-publish"],"yoast_head":"<!-- This site is optimized with the Yoast SEO plugin v21.0 - https:\/\/yoast.com\/wordpress\/plugins\/seo\/ -->\n<title>Fotos - deaikai.com<\/title>\n<meta name=\"robots\" content=\"index, follow, max-snippet:-1, max-image-preview:large, max-video-preview:-1\" \/>\n<link rel=\"canonical\" href=\"https:\/\/deaikai.com\/?page_id=18\" \/>\n<meta property=\"og:locale\" content=\"pt_PT\" \/>\n<meta property=\"og:type\" content=\"article\" \/>\n<meta property=\"og:title\" content=\"Fotos - deaikai.com\" \/>\n<meta property=\"og:description\" content=\"Galeria de fotos no Flickr (Ver fotos&#8230;) 2023 &#8211; 2 se Setembro &#8211; Aula aberta em Santar\u00e9m (Ver fotos&#8230;) 2023 &#8211; 13 de Julho &#8211; Gradua\u00e7\u00e3o de dan no dojo da Ajuda (Ver fotos&#8230;) 2023 &#8211; 10 de Julho &#8211; Gradua\u00e7\u00f5es dan em Santar\u00e9m (Ver fotos&#8230;) 2023 &#8211; 17 de Junho &#8211; Est\u00e1gio em Set\u00fabal ... Ler mais\" \/>\n<meta property=\"og:url\" content=\"https:\/\/deaikai.com\/?page_id=18\" \/>\n<meta property=\"og:site_name\" content=\"deaikai.com\" \/>\n<meta property=\"article:modified_time\" content=\"2023-09-02T16:56:07+00:00\" \/>\n<meta property=\"og:image\" content=\"https:\/\/deaikai.com\/wp-content\/uploads\/2023\/07\/barra_fotos.jpg\" \/>\n<meta name=\"twitter:card\" content=\"summary_large_image\" \/>\n<meta name=\"twitter:label1\" content=\"Tempo estimado de leitura\" \/>\n\t<meta name=\"twitter:data1\" content=\"2 minutos\" \/>\n<script type=\"application\/ld+json\" class=\"yoast-schema-graph\">{\"@context\":\"https:\/\/schema.org\",\"@graph\":[{\"@type\":\"WebPage\",\"@id\":\"https:\/\/deaikai.com\/?page_id=18\",\"url\":\"https:\/\/deaikai.com\/?page_id=18\",\"name\":\"Fotos - deaikai.com\",\"isPartOf\":{\"@id\":\"https:\/\/deaikai.com\/#website\"},\"datePublished\":\"2023-06-25T23:00:23+00:00\",\"dateModified\":\"2023-09-02T16:56:07+00:00\",\"breadcrumb\":{\"@id\":\"https:\/\/deaikai.com\/?page_id=18#breadcrumb\"},\"inLanguage\":\"pt-PT\",\"potentialAction\":[{\"@type\":\"ReadAction\",\"target\":[\"https:\/\/deaikai.com\/?page_id=18\"]}]},{\"@type\":\"BreadcrumbList\",\"@id\":\"https:\/\/deaikai.com\/?page_id=18#breadcrumb\",\"itemListElement\":[{\"@type\":\"ListItem\",\"position\":1,\"name\":\"In\u00edcio\",\"item\":\"https:\/\/deaikai.com\/\"},{\"@type\":\"ListItem\",\"position\":2,\"name\":\"Fotos\"}]},{\"@type\":\"WebSite\",\"@id\":\"https:\/\/deaikai.com\/#website\",\"url\":\"https:\/\/deaikai.com\/\",\"name\":\"deaikai.com\",\"description\":\"Aikido Zazen Tessen Butoh DeaiDance\",\"publisher\":{\"@id\":\"https:\/\/deaikai.com\/#organization\"},\"potentialAction\":[{\"@type\":\"SearchAction\",\"target\":{\"@type\":\"EntryPoint\",\"urlTemplate\":\"https:\/\/deaikai.com\/?s={search_term_string}\"},\"query-input\":\"required name=search_term_string\"}],\"inLanguage\":\"pt-PT\"},{\"@type\":\"Organization\",\"@id\":\"https:\/\/deaikai.com\/#organization\",\"name\":\"deaikai.com\",\"url\":\"https:\/\/deaikai.com\/\",\"logo\":{\"@type\":\"ImageObject\",\"inLanguage\":\"pt-PT\",\"@id\":\"https:\/\/deaikai.com\/#\/schema\/logo\/image\/\",\"url\":\"https:\/\/deaikai.com\/wp-content\/uploads\/2023\/08\/cropped-icon_principal_5.jpg\",\"contentUrl\":\"https:\/\/deaikai.com\/wp-content\/uploads\/2023\/08\/cropped-icon_principal_5.jpg\",\"width\":404,\"height\":80,\"caption\":\"deaikai.com\"},\"image\":{\"@id\":\"https:\/\/deaikai.com\/#\/schema\/logo\/image\/\"}}]}<\/script>\n<!-- \/ Yoast SEO plugin. -->","yoast_head_json":{"title":"Fotos - deaikai.com","robots":{"index":"index","follow":"follow","max-snippet":"max-snippet:-1","max-image-preview":"max-image-preview:large","max-video-preview":"max-video-preview:-1"},"canonical":"https:\/\/deaikai.com\/?page_id=18","og_locale":"pt_PT","og_type":"article","og_title":"Fotos - deaikai.com","og_description":"Galeria de fotos no Flickr (Ver fotos&#8230;) 2023 &#8211; 2 se Setembro &#8211; Aula aberta em Santar\u00e9m (Ver fotos&#8230;) 2023 &#8211; 13 de Julho &#8211; Gradua\u00e7\u00e3o de dan no dojo da Ajuda (Ver fotos&#8230;) 2023 &#8211; 10 de Julho &#8211; Gradua\u00e7\u00f5es dan em Santar\u00e9m (Ver fotos&#8230;) 2023 &#8211; 17 de Junho &#8211; Est\u00e1gio em Set\u00fabal ... Ler mais","og_url":"https:\/\/deaikai.com\/?page_id=18","og_site_name":"deaikai.com","article_modified_time":"2023-09-02T16:56:07+00:00","og_image":[{"url":"https:\/\/deaikai.com\/wp-content\/uploads\/2023\/07\/barra_fotos.jpg"}],"twitter_card":"summary_large_image","twitter_misc":{"Tempo estimado de leitura":"2 minutos"},"schema":{"@context":"https:\/\/schema.org","@graph":[{"@type":"WebPage","@id":"https:\/\/deaikai.com\/?page_id=18","url":"https:\/\/deaikai.com\/?page_id=18","name":"Fotos - deaikai.com","isPartOf":{"@id":"https:\/\/deaikai.com\/#website"},"datePublished":"2023-06-25T23:00:23+00:00","dateModified":"2023-09-02T16:56:07+00:00","breadcrumb":{"@id":"https:\/\/deaikai.com\/?page_id=18#breadcrumb"},"inLanguage":"pt-PT","potentialAction":[{"@type":"ReadAction","target":["https:\/\/deaikai.com\/?page_id=18"]}]},{"@type":"BreadcrumbList","@id":"https:\/\/deaikai.com\/?page_id=18#breadcrumb","itemListElement":[{"@type":"ListItem","position":1,"name":"In\u00edcio","item":"https:\/\/deaikai.com\/"},{"@type":"ListItem","position":2,"name":"Fotos"}]},{"@type":"WebSite","@id":"https:\/\/deaikai.com\/#website","url":"https:\/\/deaikai.com\/","name":"deaikai.com","description":"Aikido Zazen Tessen Butoh DeaiDance","publisher":{"@id":"https:\/\/deaikai.com\/#organization"},"potentialAction":[{"@type":"SearchAction","target":{"@type":"EntryPoint","urlTemplate":"https:\/\/deaikai.com\/?s={search_term_string}"},"query-input":"required name=search_term_string"}],"inLanguage":"pt-PT"},{"@type":"Organization","@id":"https:\/\/deaikai.com\/#organization","name":"deaikai.com","url":"https:\/\/deaikai.com\/","logo":{"@type":"ImageObject","inLanguage":"pt-PT","@id":"https:\/\/deaikai.com\/#\/schema\/logo\/image\/","url":"https:\/\/deaikai.com\/wp-content\/uploads\/2023\/08\/cropped-icon_principal_5.jpg","contentUrl":"https:\/\/deaikai.com\/wp-content\/uploads\/2023\/08\/cropped-icon_principal_5.jpg","width":404,"height":80,"caption":"deaikai.com"},"image":{"@id":"https:\/\/deaikai.com\/#\/schema\/logo\/image\/"}}]}},"_links":{"self":[{"href":"https:\/\/deaikai.com\/index.php?rest_route=\/wp\/v2\/pages\/18","targetHints":{"allow":["GET"]}}],"collection":[{"href":"https:\/\/deaikai.com\/index.php?rest_route=\/wp\/v2\/pages"}],"about":[{"href":"https:\/\/deaikai.com\/index.php?rest_route=\/wp\/v2\/types\/page"}],"author":[{"embeddable":true,"href":"https:\/\/deaikai.com\/index.php?rest_route=\/wp\/v2\/users\/1"}],"replies":[{"embeddable":true,"href":"https:\/\/deaikai.com\/index.php?rest_route=%2Fwp%2Fv2%2Fcomments&post=18"}],"version-history":[{"count":31,"href":"https:\/\/deaikai.com\/index.php?rest_route=\/wp\/v2\/pages\/18\/revisions"}],"predecessor-version":[{"id":544,"href":"https:\/\/deaikai.com\/index.php?rest_route=\/wp\/v2\/pages\/18\/revisions\/544"}],"wp:attachment":[{"href":"https:\/\/deaikai.com\/index.php?rest_route=%2Fwp%2Fv2%2Fmedia&parent=18"}],"curies":[{"name":"wp","href":"https:\/\/api.w.org\/{rel}","templated":true}]}}