{"id":228,"date":"2023-06-29T22:18:41","date_gmt":"2023-06-29T22:18:41","guid":{"rendered":"https:\/\/deaikai.com\/?page_id=228"},"modified":"2023-07-01T00:08:01","modified_gmt":"2023-07-01T00:08:01","slug":"artigos","status":"publish","type":"page","link":"https:\/\/deaikai.com\/?page_id=228","title":{"rendered":"Artigos"},"content":{"rendered":"\n<figure class=\"wp-block-image size-full\"><img decoding=\"async\" width=\"900\" height=\"100\" src=\"https:\/\/deaikai.com\/wp-content\/uploads\/2023\/07\/artigos.jpg\" alt=\"\" class=\"wp-image-323\" srcset=\"https:\/\/deaikai.com\/wp-content\/uploads\/2023\/07\/artigos.jpg 900w, https:\/\/deaikai.com\/wp-content\/uploads\/2023\/07\/artigos-300x33.jpg 300w, https:\/\/deaikai.com\/wp-content\/uploads\/2023\/07\/artigos-768x85.jpg 768w\" sizes=\"(max-width: 900px) 100vw, 900px\" \/><\/figure>\n\n\n\n<p><\/p>\n\n\n\n<p><strong>Rela\u00e7\u00e3o professor aluno no ensino do aikido<\/strong> &#8211; artigo de Manuel Sim\u00f5es. <a href=\"https:\/\/deaikai.com\/?p=306\">(Ler&#8230;)<\/a><\/p>\n\n\n\n<p><strong>Imperman\u00eancia &#8211; poema do mestre Zen Dogen.<\/strong> <a href=\"https:\/\/deaikai.com\/?p=290\">(Ler&#8230;)<\/a><\/p>\n\n\n\n<p><strong>Estrutura b\u00e1sica de uma aula de Aikido<\/strong> &#8211; artigo de Manuel Galrinho. <a href=\"https:\/\/deaikai.com\/?p=280\">(Ler&#8230;)<\/a><\/p>\n\n\n\n<p><strong>Etimologia da palavra &#8220;Aikido&#8221;<\/strong> &#8211; artigo de Manuel Galrinho. <a href=\"https:\/\/deaikai.com\/?p=264\">(Ler&#8230;)<\/a><\/p>\n","protected":false},"excerpt":{"rendered":"<p>Rela\u00e7\u00e3o professor aluno no ensino do aikido &#8211; artigo de Manuel Sim\u00f5es. (Ler&#8230;) Imperman\u00eancia &#8211; poema do mestre Zen Dogen. (Ler&#8230;) Estrutura b\u00e1sica de uma aula de Aikido &#8211; artigo de Manuel Galrinho. (Ler&#8230;) Etimologia da palavra &#8220;Aikido&#8221; &#8211; artigo de Manuel Galrinho. (Ler&#8230;)<\/p>\n","protected":false},"author":1,"featured_media":0,"parent":0,"menu_order":0,"comment_status":"closed","ping_status":"closed","template":"","meta":{"footnotes":""},"class_list":["post-228","page","type-page","status-publish"],"yoast_head":"<!-- This site is optimized with the Yoast SEO plugin v21.0 - https:\/\/yoast.com\/wordpress\/plugins\/seo\/ -->\n<title>Artigos - deaikai.com<\/title>\n<meta name=\"robots\" content=\"index, follow, max-snippet:-1, max-image-preview:large, max-video-preview:-1\" \/>\n<link rel=\"canonical\" href=\"https:\/\/deaikai.com\/?page_id=228\" \/>\n<meta property=\"og:locale\" content=\"pt_PT\" \/>\n<meta property=\"og:type\" content=\"article\" \/>\n<meta property=\"og:title\" content=\"Artigos - deaikai.com\" \/>\n<meta property=\"og:description\" content=\"Rela\u00e7\u00e3o professor aluno no ensino do aikido &#8211; artigo de Manuel Sim\u00f5es. (Ler&#8230;) Imperman\u00eancia &#8211; poema do mestre Zen Dogen. (Ler&#8230;) Estrutura b\u00e1sica de uma aula de Aikido &#8211; artigo de Manuel Galrinho. (Ler&#8230;) Etimologia da palavra &#8220;Aikido&#8221; &#8211; artigo de Manuel Galrinho. (Ler&#8230;)\" \/>\n<meta property=\"og:url\" content=\"https:\/\/deaikai.com\/?page_id=228\" \/>\n<meta property=\"og:site_name\" content=\"deaikai.com\" \/>\n<meta property=\"article:modified_time\" content=\"2023-07-01T00:08:01+00:00\" \/>\n<meta property=\"og:image\" content=\"https:\/\/deaikai.com\/wp-content\/uploads\/2023\/07\/artigos.jpg\" \/>\n<meta name=\"twitter:card\" content=\"summary_large_image\" \/>\n<meta name=\"twitter:label1\" content=\"Tempo estimado de leitura\" \/>\n\t<meta name=\"twitter:data1\" content=\"1 minuto\" \/>\n<script type=\"application\/ld+json\" class=\"yoast-schema-graph\">{\"@context\":\"https:\/\/schema.org\",\"@graph\":[{\"@type\":\"WebPage\",\"@id\":\"https:\/\/deaikai.com\/?page_id=228\",\"url\":\"https:\/\/deaikai.com\/?page_id=228\",\"name\":\"Artigos - deaikai.com\",\"isPartOf\":{\"@id\":\"https:\/\/deaikai.com\/#website\"},\"datePublished\":\"2023-06-29T22:18:41+00:00\",\"dateModified\":\"2023-07-01T00:08:01+00:00\",\"breadcrumb\":{\"@id\":\"https:\/\/deaikai.com\/?page_id=228#breadcrumb\"},\"inLanguage\":\"pt-PT\",\"potentialAction\":[{\"@type\":\"ReadAction\",\"target\":[\"https:\/\/deaikai.com\/?page_id=228\"]}]},{\"@type\":\"BreadcrumbList\",\"@id\":\"https:\/\/deaikai.com\/?page_id=228#breadcrumb\",\"itemListElement\":[{\"@type\":\"ListItem\",\"position\":1,\"name\":\"In\u00edcio\",\"item\":\"https:\/\/deaikai.com\/\"},{\"@type\":\"ListItem\",\"position\":2,\"name\":\"Artigos\"}]},{\"@type\":\"WebSite\",\"@id\":\"https:\/\/deaikai.com\/#website\",\"url\":\"https:\/\/deaikai.com\/\",\"name\":\"deaikai.com\",\"description\":\"Aikido Zazen Tessen Butoh DeaiDance\",\"publisher\":{\"@id\":\"https:\/\/deaikai.com\/#organization\"},\"potentialAction\":[{\"@type\":\"SearchAction\",\"target\":{\"@type\":\"EntryPoint\",\"urlTemplate\":\"https:\/\/deaikai.com\/?s={search_term_string}\"},\"query-input\":\"required name=search_term_string\"}],\"inLanguage\":\"pt-PT\"},{\"@type\":\"Organization\",\"@id\":\"https:\/\/deaikai.com\/#organization\",\"name\":\"deaikai.com\",\"url\":\"https:\/\/deaikai.com\/\",\"logo\":{\"@type\":\"ImageObject\",\"inLanguage\":\"pt-PT\",\"@id\":\"https:\/\/deaikai.com\/#\/schema\/logo\/image\/\",\"url\":\"https:\/\/deaikai.com\/wp-content\/uploads\/2023\/08\/cropped-icon_principal_5.jpg\",\"contentUrl\":\"https:\/\/deaikai.com\/wp-content\/uploads\/2023\/08\/cropped-icon_principal_5.jpg\",\"width\":404,\"height\":80,\"caption\":\"deaikai.com\"},\"image\":{\"@id\":\"https:\/\/deaikai.com\/#\/schema\/logo\/image\/\"}}]}<\/script>\n<!-- \/ Yoast SEO plugin. -->","yoast_head_json":{"title":"Artigos - deaikai.com","robots":{"index":"index","follow":"follow","max-snippet":"max-snippet:-1","max-image-preview":"max-image-preview:large","max-video-preview":"max-video-preview:-1"},"canonical":"https:\/\/deaikai.com\/?page_id=228","og_locale":"pt_PT","og_type":"article","og_title":"Artigos - deaikai.com","og_description":"Rela\u00e7\u00e3o professor aluno no ensino do aikido &#8211; artigo de Manuel Sim\u00f5es. (Ler&#8230;) Imperman\u00eancia &#8211; poema do mestre Zen Dogen. (Ler&#8230;) Estrutura b\u00e1sica de uma aula de Aikido &#8211; artigo de Manuel Galrinho. (Ler&#8230;) Etimologia da palavra &#8220;Aikido&#8221; &#8211; artigo de Manuel Galrinho. (Ler&#8230;)","og_url":"https:\/\/deaikai.com\/?page_id=228","og_site_name":"deaikai.com","article_modified_time":"2023-07-01T00:08:01+00:00","og_image":[{"url":"https:\/\/deaikai.com\/wp-content\/uploads\/2023\/07\/artigos.jpg"}],"twitter_card":"summary_large_image","twitter_misc":{"Tempo estimado de leitura":"1 minuto"},"schema":{"@context":"https:\/\/schema.org","@graph":[{"@type":"WebPage","@id":"https:\/\/deaikai.com\/?page_id=228","url":"https:\/\/deaikai.com\/?page_id=228","name":"Artigos - deaikai.com","isPartOf":{"@id":"https:\/\/deaikai.com\/#website"},"datePublished":"2023-06-29T22:18:41+00:00","dateModified":"2023-07-01T00:08:01+00:00","breadcrumb":{"@id":"https:\/\/deaikai.com\/?page_id=228#breadcrumb"},"inLanguage":"pt-PT","potentialAction":[{"@type":"ReadAction","target":["https:\/\/deaikai.com\/?page_id=228"]}]},{"@type":"BreadcrumbList","@id":"https:\/\/deaikai.com\/?page_id=228#breadcrumb","itemListElement":[{"@type":"ListItem","position":1,"name":"In\u00edcio","item":"https:\/\/deaikai.com\/"},{"@type":"ListItem","position":2,"name":"Artigos"}]},{"@type":"WebSite","@id":"https:\/\/deaikai.com\/#website","url":"https:\/\/deaikai.com\/","name":"deaikai.com","description":"Aikido Zazen Tessen Butoh DeaiDance","publisher":{"@id":"https:\/\/deaikai.com\/#organization"},"potentialAction":[{"@type":"SearchAction","target":{"@type":"EntryPoint","urlTemplate":"https:\/\/deaikai.com\/?s={search_term_string}"},"query-input":"required name=search_term_string"}],"inLanguage":"pt-PT"},{"@type":"Organization","@id":"https:\/\/deaikai.com\/#organization","name":"deaikai.com","url":"https:\/\/deaikai.com\/","logo":{"@type":"ImageObject","inLanguage":"pt-PT","@id":"https:\/\/deaikai.com\/#\/schema\/logo\/image\/","url":"https:\/\/deaikai.com\/wp-content\/uploads\/2023\/08\/cropped-icon_principal_5.jpg","contentUrl":"https:\/\/deaikai.com\/wp-content\/uploads\/2023\/08\/cropped-icon_principal_5.jpg","width":404,"height":80,"caption":"deaikai.com"},"image":{"@id":"https:\/\/deaikai.com\/#\/schema\/logo\/image\/"}}]}},"_links":{"self":[{"href":"https:\/\/deaikai.com\/index.php?rest_route=\/wp\/v2\/pages\/228","targetHints":{"allow":["GET"]}}],"collection":[{"href":"https:\/\/deaikai.com\/index.php?rest_route=\/wp\/v2\/pages"}],"about":[{"href":"https:\/\/deaikai.com\/index.php?rest_route=\/wp\/v2\/types\/page"}],"author":[{"embeddable":true,"href":"https:\/\/deaikai.com\/index.php?rest_route=\/wp\/v2\/users\/1"}],"replies":[{"embeddable":true,"href":"https:\/\/deaikai.com\/index.php?rest_route=%2Fwp%2Fv2%2Fcomments&post=228"}],"version-history":[{"count":11,"href":"https:\/\/deaikai.com\/index.php?rest_route=\/wp\/v2\/pages\/228\/revisions"}],"predecessor-version":[{"id":324,"href":"https:\/\/deaikai.com\/index.php?rest_route=\/wp\/v2\/pages\/228\/revisions\/324"}],"wp:attachment":[{"href":"https:\/\/deaikai.com\/index.php?rest_route=%2Fwp%2Fv2%2Fmedia&parent=228"}],"curies":[{"name":"wp","href":"https:\/\/api.w.org\/{rel}","templated":true}]}}