{"id":450,"date":"2023-07-10T22:47:25","date_gmt":"2023-07-10T22:47:25","guid":{"rendered":"https:\/\/deaikai.com\/?page_id=450"},"modified":"2023-07-10T22:47:25","modified_gmt":"2023-07-10T22:47:25","slug":"fotos-2023-graduacoes-dan-na-ama-10-de-julho","status":"publish","type":"page","link":"https:\/\/deaikai.com\/?page_id=450","title":{"rendered":"Fotos 2023 \u2013 Gradua\u00e7\u00f5es dan na AMA 10 de Julho"},"content":{"rendered":"\n<p><\/p>\n\n\n\n<p>No dia 29 de Maio de 2021 fui convidado para fazer na AMA (Associa\u00e7\u00e3o Movimento Aberto) em Santar\u00e9m, uma demonstra\u00e7\u00e3o de Aikido. Est\u00e1vamos em plena pandemia, todos os participantes na demonstra\u00e7\u00e3o tiveram de fazer o teste covid. Fizemos a demonstra\u00e7\u00e3o, que teve a presen\u00e7a de v\u00e1rias pessoas, n\u00e3o muitas, pandemia, \u00e9 normal, mas teve a presen\u00e7a da vereadora da cultura. Durante um ano (2021-2022) pratiquei praticamente apenas com uma pessoa. Este ano a coisa come\u00e7ou a crescer, o dojo da AMA, contando comigo, tem nove praticantes. V\u00e1rios praticantes subiram de gradua\u00e7\u00e3o. Dois desses praticantes, com larga experi\u00eancia, muitos anos de pr\u00e1tica, obtiveram a gradua\u00e7\u00e3o de 1\u00ba dan no dia 10 de Maio e receberam hoje os diplomas. S\u00e3o eles Bartholomeus Limburg e Guilherme Freitas.<br>(Texto de <strong>Manuel Galrinho<\/strong>)<\/p>\n\n\n\n<figure class=\"wp-block-image size-full\"><img decoding=\"async\" width=\"900\" height=\"600\" src=\"https:\/\/deaikai.com\/wp-content\/uploads\/2023\/07\/DSCF9602.jpg\" alt=\"\" class=\"wp-image-451\" srcset=\"https:\/\/deaikai.com\/wp-content\/uploads\/2023\/07\/DSCF9602.jpg 900w, https:\/\/deaikai.com\/wp-content\/uploads\/2023\/07\/DSCF9602-300x200.jpg 300w, https:\/\/deaikai.com\/wp-content\/uploads\/2023\/07\/DSCF9602-768x512.jpg 768w\" sizes=\"(max-width: 900px) 100vw, 900px\" \/><\/figure>\n\n\n\n<p><\/p>\n\n\n\n<figure class=\"wp-block-image size-large\"><img decoding=\"async\" width=\"1024\" height=\"683\" src=\"https:\/\/deaikai.com\/wp-content\/uploads\/2023\/07\/DSCF9600-1024x683.jpg\" alt=\"\" class=\"wp-image-452\" srcset=\"https:\/\/deaikai.com\/wp-content\/uploads\/2023\/07\/DSCF9600-1024x683.jpg 1024w, https:\/\/deaikai.com\/wp-content\/uploads\/2023\/07\/DSCF9600-300x200.jpg 300w, https:\/\/deaikai.com\/wp-content\/uploads\/2023\/07\/DSCF9600-768x512.jpg 768w, https:\/\/deaikai.com\/wp-content\/uploads\/2023\/07\/DSCF9600-1536x1024.jpg 1536w, https:\/\/deaikai.com\/wp-content\/uploads\/2023\/07\/DSCF9600.jpg 1920w\" sizes=\"(max-width: 1024px) 100vw, 1024px\" \/><\/figure>\n","protected":false},"excerpt":{"rendered":"<p>No dia 29 de Maio de 2021 fui convidado para fazer na AMA (Associa\u00e7\u00e3o Movimento Aberto) em Santar\u00e9m, uma demonstra\u00e7\u00e3o de Aikido. Est\u00e1vamos em plena pandemia, todos os participantes na demonstra\u00e7\u00e3o tiveram de fazer o teste covid. Fizemos a demonstra\u00e7\u00e3o, que teve a presen\u00e7a de v\u00e1rias pessoas, n\u00e3o muitas, pandemia, \u00e9 normal, mas teve a &#8230; <a title=\"Fotos 2023 \u2013 Gradua\u00e7\u00f5es dan na AMA 10 de Julho\" class=\"read-more\" href=\"https:\/\/deaikai.com\/?page_id=450\" aria-label=\"Mais sobre Fotos 2023 \u2013 Gradua\u00e7\u00f5es dan na AMA 10 de Julho\">Ler mais<\/a><\/p>\n","protected":false},"author":1,"featured_media":0,"parent":0,"menu_order":0,"comment_status":"closed","ping_status":"closed","template":"","meta":{"footnotes":""},"class_list":["post-450","page","type-page","status-publish"],"yoast_head":"<!-- This site is optimized with the Yoast SEO plugin v21.0 - https:\/\/yoast.com\/wordpress\/plugins\/seo\/ -->\n<title>Fotos 2023 \u2013 Gradua\u00e7\u00f5es dan na AMA 10 de Julho - deaikai.com<\/title>\n<meta name=\"robots\" content=\"index, follow, max-snippet:-1, max-image-preview:large, max-video-preview:-1\" \/>\n<link rel=\"canonical\" href=\"https:\/\/deaikai.com\/?page_id=450\" \/>\n<meta property=\"og:locale\" content=\"pt_PT\" \/>\n<meta property=\"og:type\" content=\"article\" \/>\n<meta property=\"og:title\" content=\"Fotos 2023 \u2013 Gradua\u00e7\u00f5es dan na AMA 10 de Julho - deaikai.com\" \/>\n<meta property=\"og:description\" content=\"No dia 29 de Maio de 2021 fui convidado para fazer na AMA (Associa\u00e7\u00e3o Movimento Aberto) em Santar\u00e9m, uma demonstra\u00e7\u00e3o de Aikido. Est\u00e1vamos em plena pandemia, todos os participantes na demonstra\u00e7\u00e3o tiveram de fazer o teste covid. Fizemos a demonstra\u00e7\u00e3o, que teve a presen\u00e7a de v\u00e1rias pessoas, n\u00e3o muitas, pandemia, \u00e9 normal, mas teve a ... Ler mais\" \/>\n<meta property=\"og:url\" content=\"https:\/\/deaikai.com\/?page_id=450\" \/>\n<meta property=\"og:site_name\" content=\"deaikai.com\" \/>\n<meta property=\"og:image\" content=\"https:\/\/deaikai.com\/wp-content\/uploads\/2023\/07\/DSCF9602.jpg\" \/>\n<meta name=\"twitter:card\" content=\"summary_large_image\" \/>\n<meta name=\"twitter:label1\" content=\"Tempo estimado de leitura\" \/>\n\t<meta name=\"twitter:data1\" content=\"2 minutos\" \/>\n<script type=\"application\/ld+json\" class=\"yoast-schema-graph\">{\"@context\":\"https:\/\/schema.org\",\"@graph\":[{\"@type\":\"WebPage\",\"@id\":\"https:\/\/deaikai.com\/?page_id=450\",\"url\":\"https:\/\/deaikai.com\/?page_id=450\",\"name\":\"Fotos 2023 \u2013 Gradua\u00e7\u00f5es dan na AMA 10 de Julho - deaikai.com\",\"isPartOf\":{\"@id\":\"https:\/\/deaikai.com\/#website\"},\"datePublished\":\"2023-07-10T22:47:25+00:00\",\"dateModified\":\"2023-07-10T22:47:25+00:00\",\"breadcrumb\":{\"@id\":\"https:\/\/deaikai.com\/?page_id=450#breadcrumb\"},\"inLanguage\":\"pt-PT\",\"potentialAction\":[{\"@type\":\"ReadAction\",\"target\":[\"https:\/\/deaikai.com\/?page_id=450\"]}]},{\"@type\":\"BreadcrumbList\",\"@id\":\"https:\/\/deaikai.com\/?page_id=450#breadcrumb\",\"itemListElement\":[{\"@type\":\"ListItem\",\"position\":1,\"name\":\"In\u00edcio\",\"item\":\"https:\/\/deaikai.com\/\"},{\"@type\":\"ListItem\",\"position\":2,\"name\":\"Fotos 2023 \u2013 Gradua\u00e7\u00f5es dan na AMA 10 de Julho\"}]},{\"@type\":\"WebSite\",\"@id\":\"https:\/\/deaikai.com\/#website\",\"url\":\"https:\/\/deaikai.com\/\",\"name\":\"deaikai.com\",\"description\":\"Aikido Zazen Tessen Butoh DeaiDance\",\"publisher\":{\"@id\":\"https:\/\/deaikai.com\/#organization\"},\"potentialAction\":[{\"@type\":\"SearchAction\",\"target\":{\"@type\":\"EntryPoint\",\"urlTemplate\":\"https:\/\/deaikai.com\/?s={search_term_string}\"},\"query-input\":\"required name=search_term_string\"}],\"inLanguage\":\"pt-PT\"},{\"@type\":\"Organization\",\"@id\":\"https:\/\/deaikai.com\/#organization\",\"name\":\"deaikai.com\",\"url\":\"https:\/\/deaikai.com\/\",\"logo\":{\"@type\":\"ImageObject\",\"inLanguage\":\"pt-PT\",\"@id\":\"https:\/\/deaikai.com\/#\/schema\/logo\/image\/\",\"url\":\"https:\/\/deaikai.com\/wp-content\/uploads\/2023\/08\/cropped-icon_principal_5.jpg\",\"contentUrl\":\"https:\/\/deaikai.com\/wp-content\/uploads\/2023\/08\/cropped-icon_principal_5.jpg\",\"width\":404,\"height\":80,\"caption\":\"deaikai.com\"},\"image\":{\"@id\":\"https:\/\/deaikai.com\/#\/schema\/logo\/image\/\"}}]}<\/script>\n<!-- \/ Yoast SEO plugin. -->","yoast_head_json":{"title":"Fotos 2023 \u2013 Gradua\u00e7\u00f5es dan na AMA 10 de Julho - deaikai.com","robots":{"index":"index","follow":"follow","max-snippet":"max-snippet:-1","max-image-preview":"max-image-preview:large","max-video-preview":"max-video-preview:-1"},"canonical":"https:\/\/deaikai.com\/?page_id=450","og_locale":"pt_PT","og_type":"article","og_title":"Fotos 2023 \u2013 Gradua\u00e7\u00f5es dan na AMA 10 de Julho - deaikai.com","og_description":"No dia 29 de Maio de 2021 fui convidado para fazer na AMA (Associa\u00e7\u00e3o Movimento Aberto) em Santar\u00e9m, uma demonstra\u00e7\u00e3o de Aikido. Est\u00e1vamos em plena pandemia, todos os participantes na demonstra\u00e7\u00e3o tiveram de fazer o teste covid. Fizemos a demonstra\u00e7\u00e3o, que teve a presen\u00e7a de v\u00e1rias pessoas, n\u00e3o muitas, pandemia, \u00e9 normal, mas teve a ... Ler mais","og_url":"https:\/\/deaikai.com\/?page_id=450","og_site_name":"deaikai.com","og_image":[{"url":"https:\/\/deaikai.com\/wp-content\/uploads\/2023\/07\/DSCF9602.jpg"}],"twitter_card":"summary_large_image","twitter_misc":{"Tempo estimado de leitura":"2 minutos"},"schema":{"@context":"https:\/\/schema.org","@graph":[{"@type":"WebPage","@id":"https:\/\/deaikai.com\/?page_id=450","url":"https:\/\/deaikai.com\/?page_id=450","name":"Fotos 2023 \u2013 Gradua\u00e7\u00f5es dan na AMA 10 de Julho - deaikai.com","isPartOf":{"@id":"https:\/\/deaikai.com\/#website"},"datePublished":"2023-07-10T22:47:25+00:00","dateModified":"2023-07-10T22:47:25+00:00","breadcrumb":{"@id":"https:\/\/deaikai.com\/?page_id=450#breadcrumb"},"inLanguage":"pt-PT","potentialAction":[{"@type":"ReadAction","target":["https:\/\/deaikai.com\/?page_id=450"]}]},{"@type":"BreadcrumbList","@id":"https:\/\/deaikai.com\/?page_id=450#breadcrumb","itemListElement":[{"@type":"ListItem","position":1,"name":"In\u00edcio","item":"https:\/\/deaikai.com\/"},{"@type":"ListItem","position":2,"name":"Fotos 2023 \u2013 Gradua\u00e7\u00f5es dan na AMA 10 de Julho"}]},{"@type":"WebSite","@id":"https:\/\/deaikai.com\/#website","url":"https:\/\/deaikai.com\/","name":"deaikai.com","description":"Aikido Zazen Tessen Butoh DeaiDance","publisher":{"@id":"https:\/\/deaikai.com\/#organization"},"potentialAction":[{"@type":"SearchAction","target":{"@type":"EntryPoint","urlTemplate":"https:\/\/deaikai.com\/?s={search_term_string}"},"query-input":"required name=search_term_string"}],"inLanguage":"pt-PT"},{"@type":"Organization","@id":"https:\/\/deaikai.com\/#organization","name":"deaikai.com","url":"https:\/\/deaikai.com\/","logo":{"@type":"ImageObject","inLanguage":"pt-PT","@id":"https:\/\/deaikai.com\/#\/schema\/logo\/image\/","url":"https:\/\/deaikai.com\/wp-content\/uploads\/2023\/08\/cropped-icon_principal_5.jpg","contentUrl":"https:\/\/deaikai.com\/wp-content\/uploads\/2023\/08\/cropped-icon_principal_5.jpg","width":404,"height":80,"caption":"deaikai.com"},"image":{"@id":"https:\/\/deaikai.com\/#\/schema\/logo\/image\/"}}]}},"_links":{"self":[{"href":"https:\/\/deaikai.com\/index.php?rest_route=\/wp\/v2\/pages\/450","targetHints":{"allow":["GET"]}}],"collection":[{"href":"https:\/\/deaikai.com\/index.php?rest_route=\/wp\/v2\/pages"}],"about":[{"href":"https:\/\/deaikai.com\/index.php?rest_route=\/wp\/v2\/types\/page"}],"author":[{"embeddable":true,"href":"https:\/\/deaikai.com\/index.php?rest_route=\/wp\/v2\/users\/1"}],"replies":[{"embeddable":true,"href":"https:\/\/deaikai.com\/index.php?rest_route=%2Fwp%2Fv2%2Fcomments&post=450"}],"version-history":[{"count":1,"href":"https:\/\/deaikai.com\/index.php?rest_route=\/wp\/v2\/pages\/450\/revisions"}],"predecessor-version":[{"id":453,"href":"https:\/\/deaikai.com\/index.php?rest_route=\/wp\/v2\/pages\/450\/revisions\/453"}],"wp:attachment":[{"href":"https:\/\/deaikai.com\/index.php?rest_route=%2Fwp%2Fv2%2Fmedia&parent=450"}],"curies":[{"name":"wp","href":"https:\/\/api.w.org\/{rel}","templated":true}]}}