{"id":494,"date":"2023-08-31T21:20:26","date_gmt":"2023-08-31T21:20:26","guid":{"rendered":"https:\/\/deaikai.com\/?page_id=494"},"modified":"2023-09-01T00:12:34","modified_gmt":"2023-09-01T00:12:34","slug":"sobre-a-aas","status":"publish","type":"page","link":"https:\/\/deaikai.com\/?page_id=494","title":{"rendered":"Sobre a AAS"},"content":{"rendered":"\n<p><strong>Associa\u00e7\u00e3o de Aikido do Sul<\/strong><br>O Aikido da escola Deaikai est\u00e1 organizado formalmente atrav\u00e9s da AAS, Associa\u00e7\u00e3o de Aikido do Sul, filiada na FPA, Federa\u00e7\u00e3o Portuguesa de Aikido.<\/p>\n\n\n\n<p><\/p>\n\n\n\n<p><strong>\u00d3rg\u00e3os sociais da AAS<\/strong><br><strong>Direc\u00e7\u00e3o<\/strong>: Presidente Benjamim Coelho, Vice-Presidente M\u00e1rio Bastos, Tesoureiro Manuel Galrinho.<br><strong>Mesa da Assembleia Geral<\/strong>: Presidente Manuel Sim\u00f5es, Vice-Presidente Jorge Humberto, Secret\u00e1rio Rui Rivaes da Silva.<br><strong>Conselho Fiscal:<\/strong> Presidente Bartholomeus Limburg, Secret\u00e1rio Guilherme Freitas, Relatora Miriam Carapinha da Silva.<\/p>\n\n\n\n<p><\/p>\n\n\n\n<p><strong>Comiss\u00e3o t\u00e9cnica da AAS<\/strong><br>Esta comiss\u00e3o \u00e9 formada por todos os respons\u00e1veis por classes: Manuel Galrinho, Manuel Sim\u00f5es, Of\u00e9lia Mascarenhas, Pedro Melo e Miguel Sendim.<\/p>\n\n\n\n<p><\/p>\n\n\n\n<p><strong>Director T\u00e9cnico<\/strong>: Manuel Sim\u00f5es.<\/p>\n\n\n\n<p><\/p>\n\n\n\n<p><strong>Delegado da Comiss\u00e3o t\u00e9cnica na FPA<\/strong>: Miguel Sendim<\/p>\n\n\n\n<p><\/p>\n\n\n\n<p><strong>Comiss\u00e3o de Graduados Dan<\/strong>: Manuel Galrinho 7\u00badan, Manuel Sim\u00f5es 6\u00badan, Of\u00e9lia Mascarenhas 5\u00ba dan, Francisco Burnay 4\u00ba dan, Miguel Sendim 4\u00badan, Pedro Melo 4\u00badan, Jorge Humberto 4\u00ba dan, Rui Rivaes da Silva 4\u00badan,  Benjamim Coelho 3\u00badan, Cristina Lai Men 3\u00badan, Philippe Roucoux 2\u00badan, M\u00e1rio Bastos 1\u00badan, Rika Hirai 1\u00badan, M\u00e1rio Claro 1\u00badan, Bartholomeus Limburg 1\u00badan, Guilherme Freitas 1\u00badan.<\/p>\n\n\n\n<p><\/p>\n\n\n\n<p><strong>Gradua\u00e7\u00f5es<\/strong><br>O sistema de gradua\u00e7\u00f5es kyu de adultos come\u00e7a em 5\u00baKyu. O sistema de gradua\u00e7\u00e3o de crian\u00e7as come\u00e7a em 9\u00ba kyu. O sistema de gradua\u00e7\u00f5es de dan vai de 1\u00ba a 7\u00ba dan.<\/p>\n\n\n\n<p><\/p>\n\n\n\n<p>Cor dos cintos dos adultos:<br>\u2013 Mu Kyu \u2013 branco;<br>\u2013 5\u00ba kyu \u2013 amarelo;<br>\u2013 4\u00ba kyu \u2013 laranja;<br>\u2013 3\u00ba kyu \u2013 verde;<br>\u2013 2\u00ba kyu \u2013 azul;<br>\u2013 1\u00ba kyu \u2013 castanho.<\/p>\n\n\n\n<p><\/p>\n\n\n\n<p>Cor dos cintos das crian\u00e7as:<br>\u2013 Mu kyu \u2013 branco;<br>\u2013 9\u00ba kyu \u2013 branco e amarelo;<br>\u2013 8\u00ba kyu \u2013 amarelo;<br>\u2013 7\u00ba kyu \u2013 amarelo e laranja;<br>\u2013 6\u00ba kyu \u2013 laranja;<br>\u2013 5\u00ba kyu \u2013 laranja e verde;<br>\u2013 4\u00ba kyu \u2013 verde;<br>\u2013 3\u00ba kyu \u2013 verde e azul;<br>\u2013 2\u00ba kyu \u2013 azul;<br>\u2013 1\u00ba kyu \u2013 castanho.<\/p>\n\n\n\n<p><\/p>\n\n\n\n<p><strong>Uso de hakama<\/strong><br>O uso de hakama preto \u00e9 permitido a partir de 2\u00ba kyu. Em demonstra\u00e7\u00f5es todo os praticantes, independente da gradua\u00e7\u00e3o, usar\u00e3o hakama preto.<\/p>\n\n\n\n<p><\/p>\n\n\n\n<p><strong>Responsabilidade na atribui\u00e7\u00e3o de gradua\u00e7\u00f5es<\/strong><br><strong>As gradua\u00e7\u00f5es kyu <\/strong>s\u00e3o atribu\u00eddas pelos professores aos respectivos alunos.<br><strong>As gradua\u00e7\u00f5es de dan<\/strong> s\u00e3o atribu\u00eddas pela comiss\u00e3o t\u00e9cnica.<br><strong>A gradua\u00e7\u00e3o mais alta<\/strong> \u00e9 atribu\u00edda pelo conselho formado por todos os praticantes de gradua\u00e7\u00e3o dan, j\u00e1 que a deaikai e a associa\u00e7\u00e3o de aikido do sul saiu das estruturas internacionais a que pertencia tornando-se totalmente aut\u00f3noma. As organiza\u00e7\u00f5es a que pertenceu, ou a que os seus membros pertenceram a t\u00edtulo individual foram: TenChi Internacional; Tokushima Budo Council International e Dai Nippon Butokukai.<\/p>\n\n\n\n<p><\/p>\n\n\n\n<p><p><strong>Programa de Gradua\u00e7\u00f5es<\/strong><br>Programa simplificado at\u00e9 1\u00ba kyu, para adultos (no telem\u00f3vel deslizar para o lado para visualizar a tabela completa).<\/p><\/p>\n\n\n\n<figure class=\"wp-block-table\"><table><tbody><tr><td><\/td><td><strong>Ikkyo<\/strong><\/td><td><strong>Nikyo<\/strong><\/td><td><strong>Sankyo<\/strong><\/td><td><strong>Yonkyo<\/strong><\/td><td><strong>Gokyo<\/strong><\/td><td><strong>Shiho<br>nage<\/strong><\/td><td><strong>Irimi<br>nage<\/strong><\/td><td><strong>Kote<br>gaeshi<\/strong><\/td><td><strong>Kaiten<br>nage<\/strong><\/td><td><strong>Tenchi<br>nage<\/strong><\/td><td><strong>Kokyu<br>nage<\/strong><\/td><td><strong>Kokyu<br>ho<\/strong><\/td><\/tr><tr><td><strong>5\u00bakyu<\/strong><\/td><td>Shomen uchi<\/td><td><\/td><td><\/td><td><\/td><td><\/td><td><\/td><td>Shomen uchi<\/td><td><\/td><td><\/td><td><\/td><td><\/td><td>Seiza<\/td><\/tr><tr><td><strong>4\u00bakyu<\/strong><\/td><td>\u00ab<\/td><td>Kata<br>dori<\/td><td><\/td><td><\/td><td><\/td><td>Yokomen<\/td><td colspan=\"2\">\u00ab<\/td><td><\/td><td><\/td><td><\/td><td>\u00ab<\/td><\/tr><tr><td><strong>3\u00bakyu<\/strong><\/td><td colspan=\"4\">\u00ab<\/td><td><\/td><td>Katate<br>dori<\/td><td colspan=\"2\">Shomen uchi Tsuki<\/td><td><\/td><td>Ryote<br>dori<\/td><td><\/td><td>\u00ab<\/td><\/tr><tr><td><strong>2\u00bakyu<\/strong><\/td><td colspan=\"4\">Kata dori<\/td><td><\/td><td>\u00ab<\/td><td colspan=\"2\">\u00ab<\/td><td colspan=\"3\">Katate dori<\/td><td>\u00ab<\/td><\/tr><tr><td><strong>1\u00bakyu<\/strong><\/td><td colspan=\"4\">Shomen uchi<br>Yokomen uchi<br>Kata dori<br>Ushiro ryote dori<\/td><td>Yokomen uchi<\/td><td>Katate<br>dori e<br>Ryote<br>dori<\/td><td colspan=\"3\">Shomen <br>Tsuki <br>Ai hanmi katate dori<\/td><td>Ryote<br>dori<\/td><td>Katate<br>ryote dori<\/td><td>\u00ab<\/td><\/tr><\/tbody><\/table><\/figure>\n\n\n\n<p>    <\/p>\n","protected":false},"excerpt":{"rendered":"<p>Associa\u00e7\u00e3o de Aikido do SulO Aikido da escola Deaikai est\u00e1 organizado formalmente atrav\u00e9s da AAS, Associa\u00e7\u00e3o de Aikido do Sul, filiada na FPA, Federa\u00e7\u00e3o Portuguesa de Aikido. \u00d3rg\u00e3os sociais da AASDirec\u00e7\u00e3o: Presidente Benjamim Coelho, Vice-Presidente M\u00e1rio Bastos, Tesoureiro Manuel Galrinho.Mesa da Assembleia Geral: Presidente Manuel Sim\u00f5es, Vice-Presidente Jorge Humberto, Secret\u00e1rio Rui Rivaes da Silva.Conselho Fiscal: &#8230; <a title=\"Sobre a AAS\" class=\"read-more\" href=\"https:\/\/deaikai.com\/?page_id=494\" aria-label=\"Mais sobre Sobre a AAS\">Ler mais<\/a><\/p>\n","protected":false},"author":1,"featured_media":0,"parent":0,"menu_order":0,"comment_status":"closed","ping_status":"closed","template":"","meta":{"footnotes":""},"class_list":["post-494","page","type-page","status-publish"],"yoast_head":"<!-- This site is optimized with the Yoast SEO plugin v21.0 - https:\/\/yoast.com\/wordpress\/plugins\/seo\/ -->\n<title>Sobre a AAS - deaikai.com<\/title>\n<meta name=\"robots\" content=\"index, follow, max-snippet:-1, max-image-preview:large, max-video-preview:-1\" \/>\n<link rel=\"canonical\" href=\"https:\/\/deaikai.com\/?page_id=494\" \/>\n<meta property=\"og:locale\" content=\"pt_PT\" \/>\n<meta property=\"og:type\" content=\"article\" \/>\n<meta property=\"og:title\" content=\"Sobre a AAS - deaikai.com\" \/>\n<meta property=\"og:description\" content=\"Associa\u00e7\u00e3o de Aikido do SulO Aikido da escola Deaikai est\u00e1 organizado formalmente atrav\u00e9s da AAS, Associa\u00e7\u00e3o de Aikido do Sul, filiada na FPA, Federa\u00e7\u00e3o Portuguesa de Aikido. \u00d3rg\u00e3os sociais da AASDirec\u00e7\u00e3o: Presidente Benjamim Coelho, Vice-Presidente M\u00e1rio Bastos, Tesoureiro Manuel Galrinho.Mesa da Assembleia Geral: Presidente Manuel Sim\u00f5es, Vice-Presidente Jorge Humberto, Secret\u00e1rio Rui Rivaes da Silva.Conselho Fiscal: ... Ler mais\" \/>\n<meta property=\"og:url\" content=\"https:\/\/deaikai.com\/?page_id=494\" \/>\n<meta property=\"og:site_name\" content=\"deaikai.com\" \/>\n<meta property=\"article:modified_time\" content=\"2023-09-01T00:12:34+00:00\" \/>\n<meta name=\"twitter:card\" content=\"summary_large_image\" \/>\n<meta name=\"twitter:label1\" content=\"Tempo estimado de leitura\" \/>\n\t<meta name=\"twitter:data1\" content=\"3 minutos\" \/>\n<script type=\"application\/ld+json\" class=\"yoast-schema-graph\">{\"@context\":\"https:\/\/schema.org\",\"@graph\":[{\"@type\":\"WebPage\",\"@id\":\"https:\/\/deaikai.com\/?page_id=494\",\"url\":\"https:\/\/deaikai.com\/?page_id=494\",\"name\":\"Sobre a AAS - deaikai.com\",\"isPartOf\":{\"@id\":\"https:\/\/deaikai.com\/#website\"},\"datePublished\":\"2023-08-31T21:20:26+00:00\",\"dateModified\":\"2023-09-01T00:12:34+00:00\",\"breadcrumb\":{\"@id\":\"https:\/\/deaikai.com\/?page_id=494#breadcrumb\"},\"inLanguage\":\"pt-PT\",\"potentialAction\":[{\"@type\":\"ReadAction\",\"target\":[\"https:\/\/deaikai.com\/?page_id=494\"]}]},{\"@type\":\"BreadcrumbList\",\"@id\":\"https:\/\/deaikai.com\/?page_id=494#breadcrumb\",\"itemListElement\":[{\"@type\":\"ListItem\",\"position\":1,\"name\":\"In\u00edcio\",\"item\":\"https:\/\/deaikai.com\/\"},{\"@type\":\"ListItem\",\"position\":2,\"name\":\"Sobre a AAS\"}]},{\"@type\":\"WebSite\",\"@id\":\"https:\/\/deaikai.com\/#website\",\"url\":\"https:\/\/deaikai.com\/\",\"name\":\"deaikai.com\",\"description\":\"Aikido Zazen Tessen Butoh DeaiDance\",\"publisher\":{\"@id\":\"https:\/\/deaikai.com\/#organization\"},\"potentialAction\":[{\"@type\":\"SearchAction\",\"target\":{\"@type\":\"EntryPoint\",\"urlTemplate\":\"https:\/\/deaikai.com\/?s={search_term_string}\"},\"query-input\":\"required name=search_term_string\"}],\"inLanguage\":\"pt-PT\"},{\"@type\":\"Organization\",\"@id\":\"https:\/\/deaikai.com\/#organization\",\"name\":\"deaikai.com\",\"url\":\"https:\/\/deaikai.com\/\",\"logo\":{\"@type\":\"ImageObject\",\"inLanguage\":\"pt-PT\",\"@id\":\"https:\/\/deaikai.com\/#\/schema\/logo\/image\/\",\"url\":\"https:\/\/deaikai.com\/wp-content\/uploads\/2023\/08\/cropped-icon_principal_5.jpg\",\"contentUrl\":\"https:\/\/deaikai.com\/wp-content\/uploads\/2023\/08\/cropped-icon_principal_5.jpg\",\"width\":404,\"height\":80,\"caption\":\"deaikai.com\"},\"image\":{\"@id\":\"https:\/\/deaikai.com\/#\/schema\/logo\/image\/\"}}]}<\/script>\n<!-- \/ Yoast SEO plugin. -->","yoast_head_json":{"title":"Sobre a AAS - deaikai.com","robots":{"index":"index","follow":"follow","max-snippet":"max-snippet:-1","max-image-preview":"max-image-preview:large","max-video-preview":"max-video-preview:-1"},"canonical":"https:\/\/deaikai.com\/?page_id=494","og_locale":"pt_PT","og_type":"article","og_title":"Sobre a AAS - deaikai.com","og_description":"Associa\u00e7\u00e3o de Aikido do SulO Aikido da escola Deaikai est\u00e1 organizado formalmente atrav\u00e9s da AAS, Associa\u00e7\u00e3o de Aikido do Sul, filiada na FPA, Federa\u00e7\u00e3o Portuguesa de Aikido. \u00d3rg\u00e3os sociais da AASDirec\u00e7\u00e3o: Presidente Benjamim Coelho, Vice-Presidente M\u00e1rio Bastos, Tesoureiro Manuel Galrinho.Mesa da Assembleia Geral: Presidente Manuel Sim\u00f5es, Vice-Presidente Jorge Humberto, Secret\u00e1rio Rui Rivaes da Silva.Conselho Fiscal: ... Ler mais","og_url":"https:\/\/deaikai.com\/?page_id=494","og_site_name":"deaikai.com","article_modified_time":"2023-09-01T00:12:34+00:00","twitter_card":"summary_large_image","twitter_misc":{"Tempo estimado de leitura":"3 minutos"},"schema":{"@context":"https:\/\/schema.org","@graph":[{"@type":"WebPage","@id":"https:\/\/deaikai.com\/?page_id=494","url":"https:\/\/deaikai.com\/?page_id=494","name":"Sobre a AAS - deaikai.com","isPartOf":{"@id":"https:\/\/deaikai.com\/#website"},"datePublished":"2023-08-31T21:20:26+00:00","dateModified":"2023-09-01T00:12:34+00:00","breadcrumb":{"@id":"https:\/\/deaikai.com\/?page_id=494#breadcrumb"},"inLanguage":"pt-PT","potentialAction":[{"@type":"ReadAction","target":["https:\/\/deaikai.com\/?page_id=494"]}]},{"@type":"BreadcrumbList","@id":"https:\/\/deaikai.com\/?page_id=494#breadcrumb","itemListElement":[{"@type":"ListItem","position":1,"name":"In\u00edcio","item":"https:\/\/deaikai.com\/"},{"@type":"ListItem","position":2,"name":"Sobre a AAS"}]},{"@type":"WebSite","@id":"https:\/\/deaikai.com\/#website","url":"https:\/\/deaikai.com\/","name":"deaikai.com","description":"Aikido Zazen Tessen Butoh DeaiDance","publisher":{"@id":"https:\/\/deaikai.com\/#organization"},"potentialAction":[{"@type":"SearchAction","target":{"@type":"EntryPoint","urlTemplate":"https:\/\/deaikai.com\/?s={search_term_string}"},"query-input":"required name=search_term_string"}],"inLanguage":"pt-PT"},{"@type":"Organization","@id":"https:\/\/deaikai.com\/#organization","name":"deaikai.com","url":"https:\/\/deaikai.com\/","logo":{"@type":"ImageObject","inLanguage":"pt-PT","@id":"https:\/\/deaikai.com\/#\/schema\/logo\/image\/","url":"https:\/\/deaikai.com\/wp-content\/uploads\/2023\/08\/cropped-icon_principal_5.jpg","contentUrl":"https:\/\/deaikai.com\/wp-content\/uploads\/2023\/08\/cropped-icon_principal_5.jpg","width":404,"height":80,"caption":"deaikai.com"},"image":{"@id":"https:\/\/deaikai.com\/#\/schema\/logo\/image\/"}}]}},"_links":{"self":[{"href":"https:\/\/deaikai.com\/index.php?rest_route=\/wp\/v2\/pages\/494","targetHints":{"allow":["GET"]}}],"collection":[{"href":"https:\/\/deaikai.com\/index.php?rest_route=\/wp\/v2\/pages"}],"about":[{"href":"https:\/\/deaikai.com\/index.php?rest_route=\/wp\/v2\/types\/page"}],"author":[{"embeddable":true,"href":"https:\/\/deaikai.com\/index.php?rest_route=\/wp\/v2\/users\/1"}],"replies":[{"embeddable":true,"href":"https:\/\/deaikai.com\/index.php?rest_route=%2Fwp%2Fv2%2Fcomments&post=494"}],"version-history":[{"count":2,"href":"https:\/\/deaikai.com\/index.php?rest_route=\/wp\/v2\/pages\/494\/revisions"}],"predecessor-version":[{"id":525,"href":"https:\/\/deaikai.com\/index.php?rest_route=\/wp\/v2\/pages\/494\/revisions\/525"}],"wp:attachment":[{"href":"https:\/\/deaikai.com\/index.php?rest_route=%2Fwp%2Fv2%2Fmedia&parent=494"}],"curies":[{"name":"wp","href":"https:\/\/api.w.org\/{rel}","templated":true}]}}