{"id":57,"date":"2023-06-26T09:39:05","date_gmt":"2023-06-26T09:39:05","guid":{"rendered":"http:\/\/deaikai.com\/?page_id=57"},"modified":"2023-06-26T10:11:55","modified_gmt":"2023-06-26T10:11:55","slug":"fotos-2023","status":"publish","type":"page","link":"https:\/\/deaikai.com\/?page_id=57","title":{"rendered":"Fotos 2023 &#8211; 11 de Fevereiro"},"content":{"rendered":"\n<p>Est\u00e1gio no dojo do Vit\u00f3ria Futebol Clube organizado pela sec\u00e7\u00e3o de Aikido do Vit\u00f3ria Futebol Clube e pela Associa\u00e7\u00e3o de Aikido do Sul.<\/p>\n\n\n\n<figure class=\"wp-block-image size-full\"><img decoding=\"async\" width=\"900\" height=\"506\" src=\"https:\/\/deaikai.com\/wp-content\/uploads\/2023\/06\/IMGP2939.jpg\" alt=\"\" class=\"wp-image-58\" srcset=\"https:\/\/deaikai.com\/wp-content\/uploads\/2023\/06\/IMGP2939.jpg 900w, https:\/\/deaikai.com\/wp-content\/uploads\/2023\/06\/IMGP2939-300x169.jpg 300w, https:\/\/deaikai.com\/wp-content\/uploads\/2023\/06\/IMGP2939-768x432.jpg 768w\" sizes=\"(max-width: 900px) 100vw, 900px\" \/><\/figure>\n\n\n\n<p><\/p>\n\n\n\n<figure class=\"wp-block-image size-full\"><img decoding=\"async\" width=\"900\" height=\"506\" src=\"https:\/\/deaikai.com\/wp-content\/uploads\/2023\/06\/IMGP2936.jpg\" alt=\"\" class=\"wp-image-59\" srcset=\"https:\/\/deaikai.com\/wp-content\/uploads\/2023\/06\/IMGP2936.jpg 900w, https:\/\/deaikai.com\/wp-content\/uploads\/2023\/06\/IMGP2936-300x169.jpg 300w, https:\/\/deaikai.com\/wp-content\/uploads\/2023\/06\/IMGP2936-768x432.jpg 768w\" sizes=\"(max-width: 900px) 100vw, 900px\" \/><\/figure>\n\n\n\n<p><\/p>\n\n\n\n<figure class=\"wp-block-image size-full\"><img decoding=\"async\" width=\"900\" height=\"506\" src=\"https:\/\/deaikai.com\/wp-content\/uploads\/2023\/06\/IMGP2944.jpg\" alt=\"\" class=\"wp-image-60\" srcset=\"https:\/\/deaikai.com\/wp-content\/uploads\/2023\/06\/IMGP2944.jpg 900w, https:\/\/deaikai.com\/wp-content\/uploads\/2023\/06\/IMGP2944-300x169.jpg 300w, https:\/\/deaikai.com\/wp-content\/uploads\/2023\/06\/IMGP2944-768x432.jpg 768w\" sizes=\"(max-width: 900px) 100vw, 900px\" \/><\/figure>\n\n\n\n<p><\/p>\n\n\n\n<figure class=\"wp-block-image size-full\"><img decoding=\"async\" width=\"900\" height=\"506\" src=\"https:\/\/deaikai.com\/wp-content\/uploads\/2023\/06\/IMGP2947.jpg\" alt=\"\" class=\"wp-image-62\" srcset=\"https:\/\/deaikai.com\/wp-content\/uploads\/2023\/06\/IMGP2947.jpg 900w, https:\/\/deaikai.com\/wp-content\/uploads\/2023\/06\/IMGP2947-300x169.jpg 300w, https:\/\/deaikai.com\/wp-content\/uploads\/2023\/06\/IMGP2947-768x432.jpg 768w\" sizes=\"(max-width: 900px) 100vw, 900px\" \/><\/figure>\n\n\n\n<p><\/p>\n\n\n\n<figure class=\"wp-block-image size-full\"><img decoding=\"async\" width=\"900\" height=\"506\" src=\"https:\/\/deaikai.com\/wp-content\/uploads\/2023\/06\/IMGP2985.jpg\" alt=\"\" class=\"wp-image-63\" srcset=\"https:\/\/deaikai.com\/wp-content\/uploads\/2023\/06\/IMGP2985.jpg 900w, https:\/\/deaikai.com\/wp-content\/uploads\/2023\/06\/IMGP2985-300x169.jpg 300w, https:\/\/deaikai.com\/wp-content\/uploads\/2023\/06\/IMGP2985-768x432.jpg 768w\" sizes=\"(max-width: 900px) 100vw, 900px\" \/><\/figure>\n","protected":false},"excerpt":{"rendered":"<p>Est\u00e1gio no dojo do Vit\u00f3ria Futebol Clube organizado pela sec\u00e7\u00e3o de Aikido do Vit\u00f3ria Futebol Clube e pela Associa\u00e7\u00e3o de Aikido do Sul.<\/p>\n","protected":false},"author":1,"featured_media":0,"parent":0,"menu_order":0,"comment_status":"closed","ping_status":"closed","template":"","meta":{"footnotes":""},"class_list":["post-57","page","type-page","status-publish"],"yoast_head":"<!-- This site is optimized with the Yoast SEO plugin v21.0 - https:\/\/yoast.com\/wordpress\/plugins\/seo\/ -->\n<title>Fotos 2023 - 11 de Fevereiro - deaikai.com<\/title>\n<meta name=\"robots\" content=\"index, follow, max-snippet:-1, max-image-preview:large, max-video-preview:-1\" \/>\n<link rel=\"canonical\" href=\"https:\/\/deaikai.com\/?page_id=57\" \/>\n<meta property=\"og:locale\" content=\"pt_PT\" \/>\n<meta property=\"og:type\" content=\"article\" \/>\n<meta property=\"og:title\" content=\"Fotos 2023 - 11 de Fevereiro - deaikai.com\" \/>\n<meta property=\"og:description\" content=\"Est\u00e1gio no dojo do Vit\u00f3ria Futebol Clube organizado pela sec\u00e7\u00e3o de Aikido do Vit\u00f3ria Futebol Clube e pela Associa\u00e7\u00e3o de Aikido do Sul.\" \/>\n<meta property=\"og:url\" content=\"https:\/\/deaikai.com\/?page_id=57\" \/>\n<meta property=\"og:site_name\" content=\"deaikai.com\" \/>\n<meta property=\"article:modified_time\" content=\"2023-06-26T10:11:55+00:00\" \/>\n<meta property=\"og:image\" content=\"http:\/\/deaikai.com\/wp-content\/uploads\/2023\/06\/IMGP2939.jpg\" \/>\n<meta name=\"twitter:card\" content=\"summary_large_image\" \/>\n<meta name=\"twitter:label1\" content=\"Tempo estimado de leitura\" \/>\n\t<meta name=\"twitter:data1\" content=\"2 minutos\" \/>\n<script type=\"application\/ld+json\" class=\"yoast-schema-graph\">{\"@context\":\"https:\/\/schema.org\",\"@graph\":[{\"@type\":\"WebPage\",\"@id\":\"https:\/\/deaikai.com\/?page_id=57\",\"url\":\"https:\/\/deaikai.com\/?page_id=57\",\"name\":\"Fotos 2023 - 11 de Fevereiro - deaikai.com\",\"isPartOf\":{\"@id\":\"https:\/\/deaikai.com\/#website\"},\"datePublished\":\"2023-06-26T09:39:05+00:00\",\"dateModified\":\"2023-06-26T10:11:55+00:00\",\"breadcrumb\":{\"@id\":\"https:\/\/deaikai.com\/?page_id=57#breadcrumb\"},\"inLanguage\":\"pt-PT\",\"potentialAction\":[{\"@type\":\"ReadAction\",\"target\":[\"https:\/\/deaikai.com\/?page_id=57\"]}]},{\"@type\":\"BreadcrumbList\",\"@id\":\"https:\/\/deaikai.com\/?page_id=57#breadcrumb\",\"itemListElement\":[{\"@type\":\"ListItem\",\"position\":1,\"name\":\"In\u00edcio\",\"item\":\"https:\/\/deaikai.com\/\"},{\"@type\":\"ListItem\",\"position\":2,\"name\":\"Fotos 2023 &#8211; 11 de Fevereiro\"}]},{\"@type\":\"WebSite\",\"@id\":\"https:\/\/deaikai.com\/#website\",\"url\":\"https:\/\/deaikai.com\/\",\"name\":\"deaikai.com\",\"description\":\"Aikido Zazen Tessen Butoh DeaiDance\",\"publisher\":{\"@id\":\"https:\/\/deaikai.com\/#organization\"},\"potentialAction\":[{\"@type\":\"SearchAction\",\"target\":{\"@type\":\"EntryPoint\",\"urlTemplate\":\"https:\/\/deaikai.com\/?s={search_term_string}\"},\"query-input\":\"required name=search_term_string\"}],\"inLanguage\":\"pt-PT\"},{\"@type\":\"Organization\",\"@id\":\"https:\/\/deaikai.com\/#organization\",\"name\":\"deaikai.com\",\"url\":\"https:\/\/deaikai.com\/\",\"logo\":{\"@type\":\"ImageObject\",\"inLanguage\":\"pt-PT\",\"@id\":\"https:\/\/deaikai.com\/#\/schema\/logo\/image\/\",\"url\":\"https:\/\/deaikai.com\/wp-content\/uploads\/2023\/08\/cropped-icon_principal_5.jpg\",\"contentUrl\":\"https:\/\/deaikai.com\/wp-content\/uploads\/2023\/08\/cropped-icon_principal_5.jpg\",\"width\":404,\"height\":80,\"caption\":\"deaikai.com\"},\"image\":{\"@id\":\"https:\/\/deaikai.com\/#\/schema\/logo\/image\/\"}}]}<\/script>\n<!-- \/ Yoast SEO plugin. -->","yoast_head_json":{"title":"Fotos 2023 - 11 de Fevereiro - deaikai.com","robots":{"index":"index","follow":"follow","max-snippet":"max-snippet:-1","max-image-preview":"max-image-preview:large","max-video-preview":"max-video-preview:-1"},"canonical":"https:\/\/deaikai.com\/?page_id=57","og_locale":"pt_PT","og_type":"article","og_title":"Fotos 2023 - 11 de Fevereiro - deaikai.com","og_description":"Est\u00e1gio no dojo do Vit\u00f3ria Futebol Clube organizado pela sec\u00e7\u00e3o de Aikido do Vit\u00f3ria Futebol Clube e pela Associa\u00e7\u00e3o de Aikido do Sul.","og_url":"https:\/\/deaikai.com\/?page_id=57","og_site_name":"deaikai.com","article_modified_time":"2023-06-26T10:11:55+00:00","og_image":[{"url":"http:\/\/deaikai.com\/wp-content\/uploads\/2023\/06\/IMGP2939.jpg"}],"twitter_card":"summary_large_image","twitter_misc":{"Tempo estimado de leitura":"2 minutos"},"schema":{"@context":"https:\/\/schema.org","@graph":[{"@type":"WebPage","@id":"https:\/\/deaikai.com\/?page_id=57","url":"https:\/\/deaikai.com\/?page_id=57","name":"Fotos 2023 - 11 de Fevereiro - deaikai.com","isPartOf":{"@id":"https:\/\/deaikai.com\/#website"},"datePublished":"2023-06-26T09:39:05+00:00","dateModified":"2023-06-26T10:11:55+00:00","breadcrumb":{"@id":"https:\/\/deaikai.com\/?page_id=57#breadcrumb"},"inLanguage":"pt-PT","potentialAction":[{"@type":"ReadAction","target":["https:\/\/deaikai.com\/?page_id=57"]}]},{"@type":"BreadcrumbList","@id":"https:\/\/deaikai.com\/?page_id=57#breadcrumb","itemListElement":[{"@type":"ListItem","position":1,"name":"In\u00edcio","item":"https:\/\/deaikai.com\/"},{"@type":"ListItem","position":2,"name":"Fotos 2023 &#8211; 11 de Fevereiro"}]},{"@type":"WebSite","@id":"https:\/\/deaikai.com\/#website","url":"https:\/\/deaikai.com\/","name":"deaikai.com","description":"Aikido Zazen Tessen Butoh DeaiDance","publisher":{"@id":"https:\/\/deaikai.com\/#organization"},"potentialAction":[{"@type":"SearchAction","target":{"@type":"EntryPoint","urlTemplate":"https:\/\/deaikai.com\/?s={search_term_string}"},"query-input":"required name=search_term_string"}],"inLanguage":"pt-PT"},{"@type":"Organization","@id":"https:\/\/deaikai.com\/#organization","name":"deaikai.com","url":"https:\/\/deaikai.com\/","logo":{"@type":"ImageObject","inLanguage":"pt-PT","@id":"https:\/\/deaikai.com\/#\/schema\/logo\/image\/","url":"https:\/\/deaikai.com\/wp-content\/uploads\/2023\/08\/cropped-icon_principal_5.jpg","contentUrl":"https:\/\/deaikai.com\/wp-content\/uploads\/2023\/08\/cropped-icon_principal_5.jpg","width":404,"height":80,"caption":"deaikai.com"},"image":{"@id":"https:\/\/deaikai.com\/#\/schema\/logo\/image\/"}}]}},"_links":{"self":[{"href":"https:\/\/deaikai.com\/index.php?rest_route=\/wp\/v2\/pages\/57","targetHints":{"allow":["GET"]}}],"collection":[{"href":"https:\/\/deaikai.com\/index.php?rest_route=\/wp\/v2\/pages"}],"about":[{"href":"https:\/\/deaikai.com\/index.php?rest_route=\/wp\/v2\/types\/page"}],"author":[{"embeddable":true,"href":"https:\/\/deaikai.com\/index.php?rest_route=\/wp\/v2\/users\/1"}],"replies":[{"embeddable":true,"href":"https:\/\/deaikai.com\/index.php?rest_route=%2Fwp%2Fv2%2Fcomments&post=57"}],"version-history":[{"count":3,"href":"https:\/\/deaikai.com\/index.php?rest_route=\/wp\/v2\/pages\/57\/revisions"}],"predecessor-version":[{"id":87,"href":"https:\/\/deaikai.com\/index.php?rest_route=\/wp\/v2\/pages\/57\/revisions\/87"}],"wp:attachment":[{"href":"https:\/\/deaikai.com\/index.php?rest_route=%2Fwp%2Fv2%2Fmedia&parent=57"}],"curies":[{"name":"wp","href":"https:\/\/api.w.org\/{rel}","templated":true}]}}