{"id":72,"date":"2023-06-26T09:54:06","date_gmt":"2023-06-26T09:54:06","guid":{"rendered":"http:\/\/deaikai.com\/?page_id=72"},"modified":"2023-06-26T09:54:06","modified_gmt":"2023-06-26T09:54:06","slug":"fotos-2023-8-de-marco-graduacoes","status":"publish","type":"page","link":"https:\/\/deaikai.com\/?page_id=72","title":{"rendered":"Fotos 2023 &#8211; 8 de Mar\u00e7o gradua\u00e7\u00f5es"},"content":{"rendered":"\n<p>Primeiras gradua\u00e7\u00f5es atribu\u00eddas no dojo da AMA em Santar\u00e9m. Joana Mendon\u00e7a e Leonor Mendon\u00e7a foram graduadas em 5\u00baKyu.<\/p>\n\n\n\n<figure class=\"wp-block-image size-full\"><img decoding=\"async\" width=\"900\" height=\"506\" src=\"https:\/\/deaikai.com\/wp-content\/uploads\/2023\/06\/IMGP3096.jpg\" alt=\"\" class=\"wp-image-73\" srcset=\"https:\/\/deaikai.com\/wp-content\/uploads\/2023\/06\/IMGP3096.jpg 900w, https:\/\/deaikai.com\/wp-content\/uploads\/2023\/06\/IMGP3096-300x169.jpg 300w, https:\/\/deaikai.com\/wp-content\/uploads\/2023\/06\/IMGP3096-768x432.jpg 768w\" sizes=\"(max-width: 900px) 100vw, 900px\" \/><\/figure>\n","protected":false},"excerpt":{"rendered":"<p>Primeiras gradua\u00e7\u00f5es atribu\u00eddas no dojo da AMA em Santar\u00e9m. Joana Mendon\u00e7a e Leonor Mendon\u00e7a foram graduadas em 5\u00baKyu.<\/p>\n","protected":false},"author":1,"featured_media":0,"parent":0,"menu_order":0,"comment_status":"closed","ping_status":"closed","template":"","meta":{"footnotes":""},"class_list":["post-72","page","type-page","status-publish"],"yoast_head":"<!-- This site is optimized with the Yoast SEO plugin v21.0 - https:\/\/yoast.com\/wordpress\/plugins\/seo\/ -->\n<title>Fotos 2023 - 8 de Mar\u00e7o gradua\u00e7\u00f5es - deaikai.com<\/title>\n<meta name=\"robots\" content=\"index, follow, max-snippet:-1, max-image-preview:large, max-video-preview:-1\" \/>\n<link rel=\"canonical\" href=\"https:\/\/deaikai.com\/?page_id=72\" \/>\n<meta property=\"og:locale\" content=\"pt_PT\" \/>\n<meta property=\"og:type\" content=\"article\" \/>\n<meta property=\"og:title\" content=\"Fotos 2023 - 8 de Mar\u00e7o gradua\u00e7\u00f5es - deaikai.com\" \/>\n<meta property=\"og:description\" content=\"Primeiras gradua\u00e7\u00f5es atribu\u00eddas no dojo da AMA em Santar\u00e9m. Joana Mendon\u00e7a e Leonor Mendon\u00e7a foram graduadas em 5\u00baKyu.\" \/>\n<meta property=\"og:url\" content=\"https:\/\/deaikai.com\/?page_id=72\" \/>\n<meta property=\"og:site_name\" content=\"deaikai.com\" \/>\n<meta property=\"og:image\" content=\"http:\/\/deaikai.com\/wp-content\/uploads\/2023\/06\/IMGP3096.jpg\" \/>\n<meta name=\"twitter:card\" content=\"summary_large_image\" \/>\n<meta name=\"twitter:label1\" content=\"Tempo estimado de leitura\" \/>\n\t<meta name=\"twitter:data1\" content=\"1 minuto\" \/>\n<script type=\"application\/ld+json\" class=\"yoast-schema-graph\">{\"@context\":\"https:\/\/schema.org\",\"@graph\":[{\"@type\":\"WebPage\",\"@id\":\"https:\/\/deaikai.com\/?page_id=72\",\"url\":\"https:\/\/deaikai.com\/?page_id=72\",\"name\":\"Fotos 2023 - 8 de Mar\u00e7o gradua\u00e7\u00f5es - deaikai.com\",\"isPartOf\":{\"@id\":\"https:\/\/deaikai.com\/#website\"},\"datePublished\":\"2023-06-26T09:54:06+00:00\",\"dateModified\":\"2023-06-26T09:54:06+00:00\",\"breadcrumb\":{\"@id\":\"https:\/\/deaikai.com\/?page_id=72#breadcrumb\"},\"inLanguage\":\"pt-PT\",\"potentialAction\":[{\"@type\":\"ReadAction\",\"target\":[\"https:\/\/deaikai.com\/?page_id=72\"]}]},{\"@type\":\"BreadcrumbList\",\"@id\":\"https:\/\/deaikai.com\/?page_id=72#breadcrumb\",\"itemListElement\":[{\"@type\":\"ListItem\",\"position\":1,\"name\":\"In\u00edcio\",\"item\":\"https:\/\/deaikai.com\/\"},{\"@type\":\"ListItem\",\"position\":2,\"name\":\"Fotos 2023 &#8211; 8 de Mar\u00e7o gradua\u00e7\u00f5es\"}]},{\"@type\":\"WebSite\",\"@id\":\"https:\/\/deaikai.com\/#website\",\"url\":\"https:\/\/deaikai.com\/\",\"name\":\"deaikai.com\",\"description\":\"Aikido Zazen Tessen Butoh DeaiDance\",\"publisher\":{\"@id\":\"https:\/\/deaikai.com\/#organization\"},\"potentialAction\":[{\"@type\":\"SearchAction\",\"target\":{\"@type\":\"EntryPoint\",\"urlTemplate\":\"https:\/\/deaikai.com\/?s={search_term_string}\"},\"query-input\":\"required name=search_term_string\"}],\"inLanguage\":\"pt-PT\"},{\"@type\":\"Organization\",\"@id\":\"https:\/\/deaikai.com\/#organization\",\"name\":\"deaikai.com\",\"url\":\"https:\/\/deaikai.com\/\",\"logo\":{\"@type\":\"ImageObject\",\"inLanguage\":\"pt-PT\",\"@id\":\"https:\/\/deaikai.com\/#\/schema\/logo\/image\/\",\"url\":\"https:\/\/deaikai.com\/wp-content\/uploads\/2023\/08\/cropped-icon_principal_5.jpg\",\"contentUrl\":\"https:\/\/deaikai.com\/wp-content\/uploads\/2023\/08\/cropped-icon_principal_5.jpg\",\"width\":404,\"height\":80,\"caption\":\"deaikai.com\"},\"image\":{\"@id\":\"https:\/\/deaikai.com\/#\/schema\/logo\/image\/\"}}]}<\/script>\n<!-- \/ Yoast SEO plugin. -->","yoast_head_json":{"title":"Fotos 2023 - 8 de Mar\u00e7o gradua\u00e7\u00f5es - deaikai.com","robots":{"index":"index","follow":"follow","max-snippet":"max-snippet:-1","max-image-preview":"max-image-preview:large","max-video-preview":"max-video-preview:-1"},"canonical":"https:\/\/deaikai.com\/?page_id=72","og_locale":"pt_PT","og_type":"article","og_title":"Fotos 2023 - 8 de Mar\u00e7o gradua\u00e7\u00f5es - deaikai.com","og_description":"Primeiras gradua\u00e7\u00f5es atribu\u00eddas no dojo da AMA em Santar\u00e9m. Joana Mendon\u00e7a e Leonor Mendon\u00e7a foram graduadas em 5\u00baKyu.","og_url":"https:\/\/deaikai.com\/?page_id=72","og_site_name":"deaikai.com","og_image":[{"url":"http:\/\/deaikai.com\/wp-content\/uploads\/2023\/06\/IMGP3096.jpg"}],"twitter_card":"summary_large_image","twitter_misc":{"Tempo estimado de leitura":"1 minuto"},"schema":{"@context":"https:\/\/schema.org","@graph":[{"@type":"WebPage","@id":"https:\/\/deaikai.com\/?page_id=72","url":"https:\/\/deaikai.com\/?page_id=72","name":"Fotos 2023 - 8 de Mar\u00e7o gradua\u00e7\u00f5es - deaikai.com","isPartOf":{"@id":"https:\/\/deaikai.com\/#website"},"datePublished":"2023-06-26T09:54:06+00:00","dateModified":"2023-06-26T09:54:06+00:00","breadcrumb":{"@id":"https:\/\/deaikai.com\/?page_id=72#breadcrumb"},"inLanguage":"pt-PT","potentialAction":[{"@type":"ReadAction","target":["https:\/\/deaikai.com\/?page_id=72"]}]},{"@type":"BreadcrumbList","@id":"https:\/\/deaikai.com\/?page_id=72#breadcrumb","itemListElement":[{"@type":"ListItem","position":1,"name":"In\u00edcio","item":"https:\/\/deaikai.com\/"},{"@type":"ListItem","position":2,"name":"Fotos 2023 &#8211; 8 de Mar\u00e7o gradua\u00e7\u00f5es"}]},{"@type":"WebSite","@id":"https:\/\/deaikai.com\/#website","url":"https:\/\/deaikai.com\/","name":"deaikai.com","description":"Aikido Zazen Tessen Butoh DeaiDance","publisher":{"@id":"https:\/\/deaikai.com\/#organization"},"potentialAction":[{"@type":"SearchAction","target":{"@type":"EntryPoint","urlTemplate":"https:\/\/deaikai.com\/?s={search_term_string}"},"query-input":"required name=search_term_string"}],"inLanguage":"pt-PT"},{"@type":"Organization","@id":"https:\/\/deaikai.com\/#organization","name":"deaikai.com","url":"https:\/\/deaikai.com\/","logo":{"@type":"ImageObject","inLanguage":"pt-PT","@id":"https:\/\/deaikai.com\/#\/schema\/logo\/image\/","url":"https:\/\/deaikai.com\/wp-content\/uploads\/2023\/08\/cropped-icon_principal_5.jpg","contentUrl":"https:\/\/deaikai.com\/wp-content\/uploads\/2023\/08\/cropped-icon_principal_5.jpg","width":404,"height":80,"caption":"deaikai.com"},"image":{"@id":"https:\/\/deaikai.com\/#\/schema\/logo\/image\/"}}]}},"_links":{"self":[{"href":"https:\/\/deaikai.com\/index.php?rest_route=\/wp\/v2\/pages\/72","targetHints":{"allow":["GET"]}}],"collection":[{"href":"https:\/\/deaikai.com\/index.php?rest_route=\/wp\/v2\/pages"}],"about":[{"href":"https:\/\/deaikai.com\/index.php?rest_route=\/wp\/v2\/types\/page"}],"author":[{"embeddable":true,"href":"https:\/\/deaikai.com\/index.php?rest_route=\/wp\/v2\/users\/1"}],"replies":[{"embeddable":true,"href":"https:\/\/deaikai.com\/index.php?rest_route=%2Fwp%2Fv2%2Fcomments&post=72"}],"version-history":[{"count":1,"href":"https:\/\/deaikai.com\/index.php?rest_route=\/wp\/v2\/pages\/72\/revisions"}],"predecessor-version":[{"id":74,"href":"https:\/\/deaikai.com\/index.php?rest_route=\/wp\/v2\/pages\/72\/revisions\/74"}],"wp:attachment":[{"href":"https:\/\/deaikai.com\/index.php?rest_route=%2Fwp%2Fv2%2Fmedia&parent=72"}],"curies":[{"name":"wp","href":"https:\/\/api.w.org\/{rel}","templated":true}]}}