{"id":88,"date":"2023-06-26T10:26:46","date_gmt":"2023-06-26T10:26:46","guid":{"rendered":"http:\/\/deaikai.com\/?page_id=88"},"modified":"2023-06-26T10:28:44","modified_gmt":"2023-06-26T10:28:44","slug":"fotos-2023-estagio-de-17-de-junho","status":"publish","type":"page","link":"https:\/\/deaikai.com\/?page_id=88","title":{"rendered":"Fotos 2023 &#8211; Est\u00e1gio de 17 de Junho"},"content":{"rendered":"\n<div class=\"wp-block-columns is-layout-flex wp-container-core-columns-is-layout-1 wp-block-columns-is-layout-flex\">\n<div class=\"wp-block-column is-layout-flow wp-block-column-is-layout-flow\">\n<p>Est\u00e1gio realizado no Dojo do VFC em Set\u00fabal dirigido por Manuel Galrinho e Manuel Sim\u00f5es.<\/p>\n\n\n\n<figure class=\"wp-block-image size-full\"><img decoding=\"async\" width=\"900\" height=\"506\" src=\"https:\/\/deaikai.com\/wp-content\/uploads\/2023\/06\/1_IMGP4289.jpg\" alt=\"\" class=\"wp-image-89\" srcset=\"https:\/\/deaikai.com\/wp-content\/uploads\/2023\/06\/1_IMGP4289.jpg 900w, https:\/\/deaikai.com\/wp-content\/uploads\/2023\/06\/1_IMGP4289-300x169.jpg 300w, https:\/\/deaikai.com\/wp-content\/uploads\/2023\/06\/1_IMGP4289-768x432.jpg 768w\" sizes=\"(max-width: 900px) 100vw, 900px\" \/><\/figure>\n<\/div>\n<\/div>\n\n\n\n<p><\/p>\n\n\n\n<figure class=\"wp-block-image size-full\"><img decoding=\"async\" width=\"900\" height=\"506\" src=\"https:\/\/deaikai.com\/wp-content\/uploads\/2023\/06\/IMGP4173.jpg\" alt=\"\" class=\"wp-image-90\" srcset=\"https:\/\/deaikai.com\/wp-content\/uploads\/2023\/06\/IMGP4173.jpg 900w, https:\/\/deaikai.com\/wp-content\/uploads\/2023\/06\/IMGP4173-300x169.jpg 300w, https:\/\/deaikai.com\/wp-content\/uploads\/2023\/06\/IMGP4173-768x432.jpg 768w\" sizes=\"(max-width: 900px) 100vw, 900px\" \/><\/figure>\n\n\n\n<p><\/p>\n\n\n\n<figure class=\"wp-block-image size-full\"><img decoding=\"async\" width=\"900\" height=\"506\" src=\"https:\/\/deaikai.com\/wp-content\/uploads\/2023\/06\/IMGP4177.jpg\" alt=\"\" class=\"wp-image-91\" srcset=\"https:\/\/deaikai.com\/wp-content\/uploads\/2023\/06\/IMGP4177.jpg 900w, https:\/\/deaikai.com\/wp-content\/uploads\/2023\/06\/IMGP4177-300x169.jpg 300w, https:\/\/deaikai.com\/wp-content\/uploads\/2023\/06\/IMGP4177-768x432.jpg 768w\" sizes=\"(max-width: 900px) 100vw, 900px\" \/><\/figure>\n\n\n\n<p><\/p>\n\n\n\n<figure class=\"wp-block-image size-full\"><img decoding=\"async\" width=\"900\" height=\"506\" src=\"https:\/\/deaikai.com\/wp-content\/uploads\/2023\/06\/IMGP4188.jpg\" alt=\"\" class=\"wp-image-92\" srcset=\"https:\/\/deaikai.com\/wp-content\/uploads\/2023\/06\/IMGP4188.jpg 900w, https:\/\/deaikai.com\/wp-content\/uploads\/2023\/06\/IMGP4188-300x169.jpg 300w, https:\/\/deaikai.com\/wp-content\/uploads\/2023\/06\/IMGP4188-768x432.jpg 768w\" sizes=\"(max-width: 900px) 100vw, 900px\" \/><\/figure>\n\n\n\n<p><\/p>\n\n\n\n<figure class=\"wp-block-image size-full\"><img decoding=\"async\" width=\"900\" height=\"506\" src=\"https:\/\/deaikai.com\/wp-content\/uploads\/2023\/06\/IMGP4229.jpg\" alt=\"\" class=\"wp-image-93\" srcset=\"https:\/\/deaikai.com\/wp-content\/uploads\/2023\/06\/IMGP4229.jpg 900w, https:\/\/deaikai.com\/wp-content\/uploads\/2023\/06\/IMGP4229-300x169.jpg 300w, https:\/\/deaikai.com\/wp-content\/uploads\/2023\/06\/IMGP4229-768x432.jpg 768w\" sizes=\"(max-width: 900px) 100vw, 900px\" \/><\/figure>\n","protected":false},"excerpt":{"rendered":"<p>Est\u00e1gio realizado no Dojo do VFC em Set\u00fabal dirigido por Manuel Galrinho e Manuel Sim\u00f5es.<\/p>\n","protected":false},"author":1,"featured_media":0,"parent":0,"menu_order":0,"comment_status":"closed","ping_status":"closed","template":"","meta":{"footnotes":""},"class_list":["post-88","page","type-page","status-publish"],"yoast_head":"<!-- This site is optimized with the Yoast SEO plugin v21.0 - https:\/\/yoast.com\/wordpress\/plugins\/seo\/ -->\n<title>Fotos 2023 - Est\u00e1gio de 17 de Junho - deaikai.com<\/title>\n<meta name=\"robots\" content=\"index, follow, max-snippet:-1, max-image-preview:large, max-video-preview:-1\" \/>\n<link rel=\"canonical\" href=\"https:\/\/deaikai.com\/?page_id=88\" \/>\n<meta property=\"og:locale\" content=\"pt_PT\" \/>\n<meta property=\"og:type\" content=\"article\" \/>\n<meta property=\"og:title\" content=\"Fotos 2023 - Est\u00e1gio de 17 de Junho - deaikai.com\" \/>\n<meta property=\"og:description\" content=\"Est\u00e1gio realizado no Dojo do VFC em Set\u00fabal dirigido por Manuel Galrinho e Manuel Sim\u00f5es.\" \/>\n<meta property=\"og:url\" content=\"https:\/\/deaikai.com\/?page_id=88\" \/>\n<meta property=\"og:site_name\" content=\"deaikai.com\" \/>\n<meta property=\"article:modified_time\" content=\"2023-06-26T10:28:44+00:00\" \/>\n<meta property=\"og:image\" content=\"http:\/\/deaikai.com\/wp-content\/uploads\/2023\/06\/1_IMGP4289.jpg\" \/>\n<meta name=\"twitter:card\" content=\"summary_large_image\" \/>\n<script type=\"application\/ld+json\" class=\"yoast-schema-graph\">{\"@context\":\"https:\/\/schema.org\",\"@graph\":[{\"@type\":\"WebPage\",\"@id\":\"https:\/\/deaikai.com\/?page_id=88\",\"url\":\"https:\/\/deaikai.com\/?page_id=88\",\"name\":\"Fotos 2023 - Est\u00e1gio de 17 de Junho - deaikai.com\",\"isPartOf\":{\"@id\":\"https:\/\/deaikai.com\/#website\"},\"datePublished\":\"2023-06-26T10:26:46+00:00\",\"dateModified\":\"2023-06-26T10:28:44+00:00\",\"breadcrumb\":{\"@id\":\"https:\/\/deaikai.com\/?page_id=88#breadcrumb\"},\"inLanguage\":\"pt-PT\",\"potentialAction\":[{\"@type\":\"ReadAction\",\"target\":[\"https:\/\/deaikai.com\/?page_id=88\"]}]},{\"@type\":\"BreadcrumbList\",\"@id\":\"https:\/\/deaikai.com\/?page_id=88#breadcrumb\",\"itemListElement\":[{\"@type\":\"ListItem\",\"position\":1,\"name\":\"In\u00edcio\",\"item\":\"https:\/\/deaikai.com\/\"},{\"@type\":\"ListItem\",\"position\":2,\"name\":\"Fotos 2023 &#8211; Est\u00e1gio de 17 de Junho\"}]},{\"@type\":\"WebSite\",\"@id\":\"https:\/\/deaikai.com\/#website\",\"url\":\"https:\/\/deaikai.com\/\",\"name\":\"deaikai.com\",\"description\":\"Aikido Zazen Tessen Butoh DeaiDance\",\"publisher\":{\"@id\":\"https:\/\/deaikai.com\/#organization\"},\"potentialAction\":[{\"@type\":\"SearchAction\",\"target\":{\"@type\":\"EntryPoint\",\"urlTemplate\":\"https:\/\/deaikai.com\/?s={search_term_string}\"},\"query-input\":\"required name=search_term_string\"}],\"inLanguage\":\"pt-PT\"},{\"@type\":\"Organization\",\"@id\":\"https:\/\/deaikai.com\/#organization\",\"name\":\"deaikai.com\",\"url\":\"https:\/\/deaikai.com\/\",\"logo\":{\"@type\":\"ImageObject\",\"inLanguage\":\"pt-PT\",\"@id\":\"https:\/\/deaikai.com\/#\/schema\/logo\/image\/\",\"url\":\"https:\/\/deaikai.com\/wp-content\/uploads\/2023\/08\/cropped-icon_principal_5.jpg\",\"contentUrl\":\"https:\/\/deaikai.com\/wp-content\/uploads\/2023\/08\/cropped-icon_principal_5.jpg\",\"width\":404,\"height\":80,\"caption\":\"deaikai.com\"},\"image\":{\"@id\":\"https:\/\/deaikai.com\/#\/schema\/logo\/image\/\"}}]}<\/script>\n<!-- \/ Yoast SEO plugin. -->","yoast_head_json":{"title":"Fotos 2023 - Est\u00e1gio de 17 de Junho - deaikai.com","robots":{"index":"index","follow":"follow","max-snippet":"max-snippet:-1","max-image-preview":"max-image-preview:large","max-video-preview":"max-video-preview:-1"},"canonical":"https:\/\/deaikai.com\/?page_id=88","og_locale":"pt_PT","og_type":"article","og_title":"Fotos 2023 - Est\u00e1gio de 17 de Junho - deaikai.com","og_description":"Est\u00e1gio realizado no Dojo do VFC em Set\u00fabal dirigido por Manuel Galrinho e Manuel Sim\u00f5es.","og_url":"https:\/\/deaikai.com\/?page_id=88","og_site_name":"deaikai.com","article_modified_time":"2023-06-26T10:28:44+00:00","og_image":[{"url":"http:\/\/deaikai.com\/wp-content\/uploads\/2023\/06\/1_IMGP4289.jpg"}],"twitter_card":"summary_large_image","schema":{"@context":"https:\/\/schema.org","@graph":[{"@type":"WebPage","@id":"https:\/\/deaikai.com\/?page_id=88","url":"https:\/\/deaikai.com\/?page_id=88","name":"Fotos 2023 - Est\u00e1gio de 17 de Junho - deaikai.com","isPartOf":{"@id":"https:\/\/deaikai.com\/#website"},"datePublished":"2023-06-26T10:26:46+00:00","dateModified":"2023-06-26T10:28:44+00:00","breadcrumb":{"@id":"https:\/\/deaikai.com\/?page_id=88#breadcrumb"},"inLanguage":"pt-PT","potentialAction":[{"@type":"ReadAction","target":["https:\/\/deaikai.com\/?page_id=88"]}]},{"@type":"BreadcrumbList","@id":"https:\/\/deaikai.com\/?page_id=88#breadcrumb","itemListElement":[{"@type":"ListItem","position":1,"name":"In\u00edcio","item":"https:\/\/deaikai.com\/"},{"@type":"ListItem","position":2,"name":"Fotos 2023 &#8211; Est\u00e1gio de 17 de Junho"}]},{"@type":"WebSite","@id":"https:\/\/deaikai.com\/#website","url":"https:\/\/deaikai.com\/","name":"deaikai.com","description":"Aikido Zazen Tessen Butoh DeaiDance","publisher":{"@id":"https:\/\/deaikai.com\/#organization"},"potentialAction":[{"@type":"SearchAction","target":{"@type":"EntryPoint","urlTemplate":"https:\/\/deaikai.com\/?s={search_term_string}"},"query-input":"required name=search_term_string"}],"inLanguage":"pt-PT"},{"@type":"Organization","@id":"https:\/\/deaikai.com\/#organization","name":"deaikai.com","url":"https:\/\/deaikai.com\/","logo":{"@type":"ImageObject","inLanguage":"pt-PT","@id":"https:\/\/deaikai.com\/#\/schema\/logo\/image\/","url":"https:\/\/deaikai.com\/wp-content\/uploads\/2023\/08\/cropped-icon_principal_5.jpg","contentUrl":"https:\/\/deaikai.com\/wp-content\/uploads\/2023\/08\/cropped-icon_principal_5.jpg","width":404,"height":80,"caption":"deaikai.com"},"image":{"@id":"https:\/\/deaikai.com\/#\/schema\/logo\/image\/"}}]}},"_links":{"self":[{"href":"https:\/\/deaikai.com\/index.php?rest_route=\/wp\/v2\/pages\/88","targetHints":{"allow":["GET"]}}],"collection":[{"href":"https:\/\/deaikai.com\/index.php?rest_route=\/wp\/v2\/pages"}],"about":[{"href":"https:\/\/deaikai.com\/index.php?rest_route=\/wp\/v2\/types\/page"}],"author":[{"embeddable":true,"href":"https:\/\/deaikai.com\/index.php?rest_route=\/wp\/v2\/users\/1"}],"replies":[{"embeddable":true,"href":"https:\/\/deaikai.com\/index.php?rest_route=%2Fwp%2Fv2%2Fcomments&post=88"}],"version-history":[{"count":1,"href":"https:\/\/deaikai.com\/index.php?rest_route=\/wp\/v2\/pages\/88\/revisions"}],"predecessor-version":[{"id":94,"href":"https:\/\/deaikai.com\/index.php?rest_route=\/wp\/v2\/pages\/88\/revisions\/94"}],"wp:attachment":[{"href":"https:\/\/deaikai.com\/index.php?rest_route=%2Fwp%2Fv2%2Fmedia&parent=88"}],"curies":[{"name":"wp","href":"https:\/\/api.w.org\/{rel}","templated":true}]}}